{"id":612,"date":"2019-03-05T17:06:06","date_gmt":"2019-03-05T17:06:06","guid":{"rendered":"https:\/\/zensor.ec\/?page_id=612"},"modified":"2024-09-20T04:26:01","modified_gmt":"2024-09-20T04:26:01","slug":"micro-centrales-hidraulicas","status":"publish","type":"page","link":"https:\/\/zensor.ec\/?page_id=612","title":{"rendered":"Micro centrales hidr\u00e1ulicas"},"content":{"rendered":"\n<style type=\"text\/css\" data-created_by=\"avia_inline_auto\" id=\"style-css-av-1m5tsc-bfd65ae41b4158e36ae49eca37f3b4c9\">\n.flex_column.av-1m5tsc-bfd65ae41b4158e36ae49eca37f3b4c9{\nborder-radius:0px 0px 0px 0px;\npadding:0px 0px 0px 0px;\n}\n<\/style>\n<div  class='flex_column av-1m5tsc-bfd65ae41b4158e36ae49eca37f3b4c9 av_one_third  avia-builder-el-0  el_before_av_two_third  avia-builder-el-first  first flex_column_div av-zero-column-padding  '     ><p>\n<style type=\"text\/css\" data-created_by=\"avia_inline_auto\" id=\"style-css-av-m1a7v5y2-c6bbd832384cc98440a88cbaf01b7b48\">\n.avia-image-container.av-m1a7v5y2-c6bbd832384cc98440a88cbaf01b7b48 img.avia_image{\nbox-shadow:none;\n}\n.avia-image-container.av-m1a7v5y2-c6bbd832384cc98440a88cbaf01b7b48 .av-image-caption-overlay-center{\ncolor:#ffffff;\n}\n<\/style>\n<div  class='avia-image-container av-m1a7v5y2-c6bbd832384cc98440a88cbaf01b7b48 av-styling- avia-align-center  avia-builder-el-1  el_before_av_image  avia-builder-el-first '   itemprop=\"image\" itemscope=\"itemscope\" itemtype=\"https:\/\/schema.org\/ImageObject\" ><div class=\"avia-image-container-inner\"><div class=\"avia-image-overlay-wrap\"><img decoding=\"async\" fetchpriority=\"high\" class='avia-img-lazy-loading-not- avia_image ' src=\"https:\/\/zensor.ec\/wp-content\/uploads\/2019\/03\/turbina_hidraulica.png\" alt='' title=''   itemprop=\"thumbnailUrl\"  \/><\/div><\/div><\/div><br \/>\n<\/p><\/div>\n<style type=\"text\/css\" data-created_by=\"avia_inline_auto\" id=\"style-css-av-1atyx0-47a99b11a1f5f77d94a5cffd2b7cbe57\">\n.flex_column.av-1atyx0-47a99b11a1f5f77d94a5cffd2b7cbe57{\nborder-radius:0px 0px 0px 0px;\npadding:0px 0px 0px 0px;\n}\n<\/style>\n<div  class='flex_column av-1atyx0-47a99b11a1f5f77d94a5cffd2b7cbe57 av_two_third  avia-builder-el-3  el_after_av_one_third  avia-builder-el-last  flex_column_div av-zero-column-padding  '     ><\/p>\n<section  class='av_textblock_section av-157lf8-50b50174598c3f417c74ccece9fbfe14 '   itemscope=\"itemscope\" itemtype=\"https:\/\/schema.org\/CreativeWork\" ><div class='avia_textblock'  itemprop=\"text\" ><h2>Micro Turbinas Hidr\u00e1ulicas tipo Turgo<\/h2>\n<p class=\"p1\">Para zonas rurales que cuenten con peque\u00f1os arroyos \u00e9sta es la soluci\u00f3n <b>M\u00c1S RENTABLE<\/b>. S\u00f3lo se necesita una ca\u00edda de agua de 11 metros y flujo constante.Nuestras unidades son de alta eficiencia, de tipo Turgo y generan de 1kW a 10kW. Son fabricadas para durar y operar en los ambientes m\u00e1s adversos.<\/p>\n<\/div><\/section><br \/>\n<form action=\"https:\/\/zensor.ec\/?page_id=612\" method=\"post\" data-fields-with-error=\"Found errors in the following field(s):\" class=\"avia_ajax_form av-form-labels-visible   avia-builder-el-5  el_after_av_textblock  avia-builder-el-last   \" data-avia-form-id=\"1\" data-avia-redirect='' ><h3 class=''>Env\u00edanos tu informaci\u00f3n y te contactaremos a la brevedad posible.<\/h3><fieldset><p class='  first_form  form_element form_fullwidth' id='element_avia_1_1'><label for=\"avia_1_1\">Nombre <abbr class=\"required\" title=\"required\">*<\/abbr><\/label> <input name=\"avia_1_1\" class=\"text_input is_empty\" type=\"text\" id=\"avia_1_1\" value=\"\" \/><\/p><p class='  first_form  form_element form_fullwidth' id='element_avia_2_1'><label for=\"avia_2_1\">Tel\u00e9fono <abbr class=\"required\" title=\"required\">*<\/abbr><\/label> <input name=\"avia_2_1\" class=\"text_input is_phone\" type=\"text\" id=\"avia_2_1\" value=\"\" \/><\/p><p class='  first_form  form_element form_fullwidth' id='element_avia_3_1'><label for=\"avia_3_1\">E-Mail <abbr class=\"required\" title=\"required\">*<\/abbr><\/label> <input name=\"avia_3_1\" class=\"text_input is_email\" type=\"text\" id=\"avia_3_1\" value=\"\" \/><\/p><p class='  first_form  form_element form_fullwidth av-last-visible-form-element' id='element_avia_4_1'><label for=\"avia_4_1\" class=\"textare_label hidden textare_label_avia_4_1\">Mensaje <abbr class=\"required\" title=\"required\">*<\/abbr><\/label><textarea  name=\"avia_4_1\" class=\"text_area is_empty\" cols=\"40\" rows=\"7\" id=\"avia_4_1\" ><\/textarea><\/p><p class=\"hidden\"><input type=\"text\" name=\"avia_5_1\" class=\"hidden \" id=\"avia_5_1\" value=\"\" \/><\/p><p class=\"form_element \"><input type=\"hidden\" value=\"1\" name=\"avia_generated_form1\" \/><input type=\"submit\" value=\"Enviar\" class=\"button\"  data-sending-label=\"Sending\"\/><\/p><\/fieldset><\/form><div id=\"ajaxresponse_1\" class=\"ajaxresponse ajaxresponse_1 hidden\"><\/div><\/p><\/div><\/p>\n","protected":false},"excerpt":{"rendered":"","protected":false},"author":1,"featured_media":0,"parent":0,"menu_order":0,"comment_status":"closed","ping_status":"closed","template":"","meta":{"footnotes":""},"class_list":["post-612","page","type-page","status-publish","hentry"],"_links":{"self":[{"href":"https:\/\/zensor.ec\/index.php?rest_route=\/wp\/v2\/pages\/612"}],"collection":[{"href":"https:\/\/zensor.ec\/index.php?rest_route=\/wp\/v2\/pages"}],"about":[{"href":"https:\/\/zensor.ec\/index.php?rest_route=\/wp\/v2\/types\/page"}],"author":[{"embeddable":true,"href":"https:\/\/zensor.ec\/index.php?rest_route=\/wp\/v2\/users\/1"}],"replies":[{"embeddable":true,"href":"https:\/\/zensor.ec\/index.php?rest_route=%2Fwp%2Fv2%2Fcomments&post=612"}],"version-history":[{"count":6,"href":"https:\/\/zensor.ec\/index.php?rest_route=\/wp\/v2\/pages\/612\/revisions"}],"predecessor-version":[{"id":699,"href":"https:\/\/zensor.ec\/index.php?rest_route=\/wp\/v2\/pages\/612\/revisions\/699"}],"wp:attachment":[{"href":"https:\/\/zensor.ec\/index.php?rest_route=%2Fwp%2Fv2%2Fmedia&parent=612"}],"curies":[{"name":"wp","href":"https:\/\/api.w.org\/{rel}","templated":true}]}}