{"id":582,"date":"2019-03-03T00:53:08","date_gmt":"2019-03-03T00:53:08","guid":{"rendered":"https:\/\/zensor.ec\/?page_id=582"},"modified":"2024-09-20T05:00:11","modified_gmt":"2024-09-20T05:00:11","slug":"respaldo","status":"publish","type":"page","link":"https:\/\/zensor.ec\/?page_id=582","title":{"rendered":"Respaldo"},"content":{"rendered":"<div id='layer_slider_1'  class='avia-layerslider main_color avia-shadow  avia-builder-el-0  el_before_av_one_third  avia-builder-el-first  container_wrap fullsize'  style='height: 301px; max-width: 1280px; margin: 0 auto;'  ><\/div><div id='after_layer_slider_1'  class='main_color av_default_container_wrap container_wrap fullsize'  ><div class='container av-section-cont-open' ><div class='template-page content  av-content-full alpha units'><div class='post-entry post-entry-type-page post-entry-582'><div class='entry-content-wrapper clearfix'>\n\n<style type=\"text\/css\" data-created_by=\"avia_inline_auto\" id=\"style-css-av-ni4m-2d11f5f7c5a95cbca29e029a2f11594c\">\n.flex_column.av-ni4m-2d11f5f7c5a95cbca29e029a2f11594c{\nborder-radius:0px 0px 0px 0px;\npadding:0px 0px 0px 0px;\n}\n<\/style>\n<div  class='flex_column av-ni4m-2d11f5f7c5a95cbca29e029a2f11594c av_one_third  avia-builder-el-1  el_after_av_layerslider  el_before_av_two_third  avia-builder-el-first  first flex_column_div av-zero-column-padding  '     ><p><br \/>\n\n<style type=\"text\/css\" data-created_by=\"avia_inline_auto\" id=\"style-css-av-m1a953m1-d5015dd4288a67ba835af73dcded1bbe\">\n.avia-image-container.av-m1a953m1-d5015dd4288a67ba835af73dcded1bbe img.avia_image{\nbox-shadow:none;\n}\n.avia-image-container.av-m1a953m1-d5015dd4288a67ba835af73dcded1bbe .av-image-caption-overlay-center{\ncolor:#ffffff;\n}\n<\/style>\n<div  class='avia-image-container av-m1a953m1-d5015dd4288a67ba835af73dcded1bbe av-styling- avia-align-center  avia-builder-el-3  el_after_av_image  el_before_av_image '   itemprop=\"image\" itemscope=\"itemscope\" itemtype=\"https:\/\/schema.org\/ImageObject\" ><div class=\"avia-image-container-inner\"><div class=\"avia-image-overlay-wrap\"><img decoding=\"async\" fetchpriority=\"high\" class='avia-img-lazy-loading-not- avia_image ' src=\"https:\/\/zensor.ec\/wp-content\/uploads\/2019\/03\/hybrid_inverter.png\" alt='' title=''   itemprop=\"thumbnailUrl\"  \/><\/div><\/div><\/div><br \/>\n<\/p><\/div>\n<style type=\"text\/css\" data-created_by=\"avia_inline_auto\" id=\"style-css-av-1705h2-4fe191b8c097a5ea05e8daaeef50685e\">\n.flex_column.av-1705h2-4fe191b8c097a5ea05e8daaeef50685e{\nborder-radius:0px 0px 0px 0px;\npadding:0px 0px 0px 0px;\n}\n<\/style>\n<div  class='flex_column av-1705h2-4fe191b8c097a5ea05e8daaeef50685e av_two_third  avia-builder-el-5  el_after_av_one_third  avia-builder-el-last  flex_column_div av-zero-column-padding  '     ><section  class='av_textblock_section av-146x6m-1dacaeebdba08f56563e5244795d1ab3 '   itemscope=\"itemscope\" itemtype=\"https:\/\/schema.org\/CreativeWork\" ><div class='avia_textblock'  itemprop=\"text\" ><h2><strong>Inversores H\u00edbridos para Respaldo (UPS)<\/strong><\/h2>\n<p>Con nuestra tecnolog\u00eda de inversores de \u00faltima generaci\u00f3n usted puede dise\u00f1ar soluciones costo-convenientes de respaldo (UPS) de pr\u00e1cticamente cualquier capacidad y tanto para requerimientos monof\u00e1sicos como trif\u00e1sicos.<\/p>\n<p>Nuestros equipos inversores pueden ser de tipo <strong>off-grid<\/strong> o de tipo <strong>h\u00edbrido<\/strong> (off-grid y on-grid). Todos soportan la conexi\u00f3n de paneler\u00eda solar para producci\u00f3n de energ\u00eda, aunque en la mayor\u00eda de casos es opcional.<\/p>\n<h3>Tecnolog\u00eda apilable, para crecer modularmente<\/h3>\n<p>Con estos equipos se puede crecer de manera modular, ya sea ampliando el tiempo de respaldo (a\u00f1adiendo bater\u00edas) o ampliando la potencia (a\u00f1adiendo m\u00e1s equipos en paralelo).<\/p>\n<h3>Se\u00f1al el\u00e9ctrica pura, libre de ruido<\/h3>\n<p class=\"p1\">El ruido el\u00e9ctrico es peligroso para los electrodom\u00e9sticos y dispositivos el\u00e9ctricos, en particular los electr\u00f3nicos como televisores de pantalla plana, computadores, <i>smartphones<\/i>, consolas de video juegos, entre otros. La mayor\u00eda de soluciones de UPS producen una onda el\u00e9ctrica de corriente alterna aproximada, introduciendo el molestoso ruido el\u00e9ctrico que en ocasiones es visible en las pantallas de nuestros computadores como ligeros temblores o movimientos err\u00e1ticos.<\/p>\n<p class=\"p1\">Poseemos tecnolog\u00eda de vanguardia con generaci\u00f3n de energ\u00eda el\u00e9ctrica sinusoidal pura, sin escalones de aproximaci\u00f3n, lo que garantiza un suministro de energ\u00eda de CALIDAD y adicionalmente sin variaciones de voltage.<\/p>\n<p class=\"p1\">No s\u00f3lo se debe ver como un equipo de respaldo para cuando no existe energ\u00eda el\u00e9ctrica, sino tambi\u00e9n como una soluci\u00f3n que garantiza un voltaje adecuado cuando la red el\u00e9ctrica presenta problemas de baja tensi\u00f3n o cuando instalaciones aleda\u00f1as (como de los vecinos o f\u00e1bricas cercanas) producen fallos como cortocircuitos o introducen ruidos el\u00e9ctricos en la red.<\/p>\n<\/div><\/section><br \/>\n<form action=\"https:\/\/zensor.ec\/?page_id=582\" method=\"post\" data-fields-with-error=\"Found errors in the following field(s):\" class=\"avia_ajax_form av-form-labels-visible   avia-builder-el-7  el_after_av_textblock  avia-builder-el-last   \" data-avia-form-id=\"1\" data-avia-redirect='' ><h3 class=''>Env\u00edanos tu informaci\u00f3n y te contactaremos a la brevedad posible.<\/h3><fieldset><p class='  first_form  form_element form_fullwidth' id='element_avia_1_1'><label for=\"avia_1_1\">Nombre <abbr class=\"required\" title=\"required\">*<\/abbr><\/label> <input name=\"avia_1_1\" class=\"text_input is_empty\" type=\"text\" id=\"avia_1_1\" value=\"\" \/><\/p><p class='  first_form  form_element form_fullwidth' id='element_avia_2_1'><label for=\"avia_2_1\">Tel\u00e9fono <abbr class=\"required\" title=\"required\">*<\/abbr><\/label> <input name=\"avia_2_1\" class=\"text_input is_phone\" type=\"text\" id=\"avia_2_1\" value=\"\" \/><\/p><p class='  first_form  form_element form_fullwidth' id='element_avia_3_1'><label for=\"avia_3_1\">E-Mail <abbr class=\"required\" title=\"required\">*<\/abbr><\/label> <input name=\"avia_3_1\" class=\"text_input is_email\" type=\"text\" id=\"avia_3_1\" value=\"\" \/><\/p><p class='  first_form  form_element form_fullwidth av-last-visible-form-element' id='element_avia_4_1'><label for=\"avia_4_1\" class=\"textare_label hidden textare_label_avia_4_1\">Mensaje <abbr class=\"required\" title=\"required\">*<\/abbr><\/label><textarea  name=\"avia_4_1\" class=\"text_area is_empty\" cols=\"40\" rows=\"7\" id=\"avia_4_1\" ><\/textarea><\/p><p class=\"hidden\"><input type=\"text\" name=\"avia_5_1\" class=\"hidden \" id=\"avia_5_1\" value=\"\" \/><\/p><p class=\"form_element \"><input type=\"hidden\" value=\"1\" name=\"avia_generated_form1\" \/><input type=\"submit\" value=\"Enviar\" class=\"button\"  data-sending-label=\"Sending\"\/><\/p><\/fieldset><\/form><div id=\"ajaxresponse_1\" class=\"ajaxresponse ajaxresponse_1 hidden\"><\/div><\/p><\/div><\/p>\n","protected":false},"excerpt":{"rendered":"","protected":false},"author":1,"featured_media":0,"parent":0,"menu_order":0,"comment_status":"closed","ping_status":"closed","template":"","meta":{"footnotes":""},"class_list":["post-582","page","type-page","status-publish","hentry"],"_links":{"self":[{"href":"https:\/\/zensor.ec\/index.php?rest_route=\/wp\/v2\/pages\/582"}],"collection":[{"href":"https:\/\/zensor.ec\/index.php?rest_route=\/wp\/v2\/pages"}],"about":[{"href":"https:\/\/zensor.ec\/index.php?rest_route=\/wp\/v2\/types\/page"}],"author":[{"embeddable":true,"href":"https:\/\/zensor.ec\/index.php?rest_route=\/wp\/v2\/users\/1"}],"replies":[{"embeddable":true,"href":"https:\/\/zensor.ec\/index.php?rest_route=%2Fwp%2Fv2%2Fcomments&post=582"}],"version-history":[{"count":18,"href":"https:\/\/zensor.ec\/index.php?rest_route=\/wp\/v2\/pages\/582\/revisions"}],"predecessor-version":[{"id":702,"href":"https:\/\/zensor.ec\/index.php?rest_route=\/wp\/v2\/pages\/582\/revisions\/702"}],"wp:attachment":[{"href":"https:\/\/zensor.ec\/index.php?rest_route=%2Fwp%2Fv2%2Fmedia&parent=582"}],"curies":[{"name":"wp","href":"https:\/\/api.w.org\/{rel}","templated":true}]}}