{"id":388,"date":"2019-02-24T03:40:27","date_gmt":"2019-02-24T03:40:27","guid":{"rendered":"https:\/\/zensor.ec\/?page_id=388"},"modified":"2024-09-20T08:20:08","modified_gmt":"2024-09-20T08:20:08","slug":"paneles-solares-fotovoltaicos","status":"publish","type":"page","link":"https:\/\/zensor.ec\/?page_id=388","title":{"rendered":"Paneles Solares Fotovoltaicos"},"content":{"rendered":"<div id='layer_slider_1'  class='avia-layerslider main_color avia-shadow  avia-builder-el-0  el_before_av_one_third  avia-builder-el-first  container_wrap fullsize'  style='height: 301px; max-width: 1280px; margin: 0 auto;'  ><\/div><div id='after_layer_slider_1'  class='main_color av_default_container_wrap container_wrap fullsize'  ><div class='container av-section-cont-open' ><div class='template-page content  av-content-full alpha units'><div class='post-entry post-entry-type-page post-entry-388'><div class='entry-content-wrapper clearfix'>\n\n<style type=\"text\/css\" data-created_by=\"avia_inline_auto\" id=\"style-css-av-9tifj8-5f078c80dd5aa9e93d8456261806a4ce\">\n.flex_column.av-9tifj8-5f078c80dd5aa9e93d8456261806a4ce{\nborder-radius:0px 0px 0px 0px;\npadding:0px 0px 0px 0px;\n}\n<\/style>\n<div  class='flex_column av-9tifj8-5f078c80dd5aa9e93d8456261806a4ce av_one_third  avia-builder-el-1  el_after_av_layerslider  el_before_av_two_third  avia-builder-el-first  first flex_column_div av-zero-column-padding  '     ><p>\n<style type=\"text\/css\" data-created_by=\"avia_inline_auto\" id=\"style-css-av-m1a8g3bb-a1f230024161495a83c3604fe239c607\">\n.avia-image-container.av-m1a8g3bb-a1f230024161495a83c3604fe239c607 img.avia_image{\nbox-shadow:none;\n}\n.avia-image-container.av-m1a8g3bb-a1f230024161495a83c3604fe239c607 .av-image-caption-overlay-center{\ncolor:#ffffff;\n}\n<\/style>\n<div  class='avia-image-container av-m1a8g3bb-a1f230024161495a83c3604fe239c607 av-styling- avia-align-center  avia-builder-el-2  el_before_av_image  avia-builder-el-first '   itemprop=\"image\" itemscope=\"itemscope\" itemtype=\"https:\/\/schema.org\/ImageObject\" ><div class=\"avia-image-container-inner\"><div class=\"avia-image-overlay-wrap\"><img decoding=\"async\" fetchpriority=\"high\" class='avia-img-lazy-loading-not- avia_image ' src=\"https:\/\/zensor.ec\/wp-content\/uploads\/2019\/02\/panel_solar_fotovoltaico_ecuador2.png\" alt='' title=''   itemprop=\"thumbnailUrl\"  \/><\/div><\/div><\/div><br \/>\n<\/p><\/div>\n\n<style type=\"text\/css\" data-created_by=\"avia_inline_auto\" id=\"style-css-av-9gcnz8-de41cc7338dc027081a4b5721ea1aa3e\">\n.flex_column.av-9gcnz8-de41cc7338dc027081a4b5721ea1aa3e{\nborder-radius:0px 0px 0px 0px;\npadding:0px 0px 0px 0px;\n}\n<\/style>\n<div  class='flex_column av-9gcnz8-de41cc7338dc027081a4b5721ea1aa3e av_two_third  avia-builder-el-4  el_after_av_one_third  el_before_av_hr  flex_column_div av-zero-column-padding  '     ><\/p>\n<section  class='av_textblock_section av-9buoyk-ccf3fc3b0595fda5bbe4590338e64755 '   itemscope=\"itemscope\" itemtype=\"https:\/\/schema.org\/CreativeWork\" ><div class='avia_textblock'  itemprop=\"text\" ><h2>Paneles Fotovoltaicos con Garant\u00eda de Funcionamiento<\/h2>\n<p>Nuestros paneles fotovoltaicos son policristalinos de alta calidad. Somos importadores y distribuidores directos, por lo que estamos en la capacidad de ofrecer una garant\u00eda de <strong>10 A\u00d1OS<\/strong> en nuestra paneler\u00eda.<\/p>\n<p>Toda nuestra paneler\u00eda es sometida a un proceso de doble revisi\u00f3n de calidad por parte del fabricante, por lo que su tiempo de vida \u00fatil supera los 40 a\u00f1os.<\/p>\n<\/div><\/section><br \/>\n<div class='avia-data-table-wrap av-95etqk-faa54fed19256a73b86b1f8a7018011c avia_responsive_table avia-table-1'><table  class='avia-table avia-data-table avia_pricing_default  avia-builder-el-6  el_after_av_textblock  avia-builder-el-last '  itemscope=\"itemscope\" itemtype=\"https:\/\/schema.org\/Table\" ><tbody><tr class='avia-heading-row'><th class='avia-desc-col'>Potencia Nominal (Wp)<\/th><th class='avia-center-col'>50<\/th><th class='avia-center-col'>150<\/th><th class='avia-center-col'>280<\/th><\/tr><tr class=''><th class='avia-desc-col'>Voltaje de circuito abierto (Voc)<\/th><td class='avia-center-col'>21.6<\/td><td class='avia-center-col'>22.4<\/td><td class='avia-center-col'>38.85<\/td><\/tr><tr class=''><th class='avia-desc-col'>Voltaje a m\u00e1xima potencia (Vmp\/V)<\/th><td class='avia-center-col'>17.5<\/td><td class='avia-center-col'>17.5<\/td><td class='avia-center-col'>31.88<\/td><\/tr><tr class=''><th class='avia-desc-col'>Corriente de cortocircuito (Isc\/A)<\/th><td class='avia-center-col'>3.23<\/td><td class='avia-center-col'>9.05<\/td><td class='avia-center-col'>9.33<\/td><\/tr><tr class=''><th class='avia-desc-col'>Corriente a m\u00e1xima potencia (Imp\/A)<\/th><td class='avia-center-col'>2.86<\/td><td class='avia-center-col'>8.63<\/td><td class='avia-center-col'>8.78<\/td><\/tr><tr class=''><th class='avia-desc-col'>Medidas (mm)<\/th><td class='avia-center-col'>670x580x30<\/td><td class='avia-center-col'>1482x680x35<\/td><td class='avia-center-col'>1640x991x40<\/td><\/tr><tr class=''><th class='avia-desc-col'>Peso aprox. (Kg)<\/th><td class='avia-center-col'>4.82<\/td><td class='avia-center-col'>12<\/td><td class='avia-center-col'>18.2<\/td><\/tr><\/tbody><\/table><\/div><style type='text\/css'>.avia-table-1 td:nth-of-type(0):before { content: 'Potencia Nominal (Wp)'; } .avia-table-1 td:nth-of-type(1):before { content: '50'; } .avia-table-1 td:nth-of-type(2):before { content: '150'; } .avia-table-1 td:nth-of-type(3):before { content: '280'; } <\/style><\/p><\/div>\n<div  class='hr av-36qorw-dc83f9b50446ea737965aae700978fd8 hr-default  avia-builder-el-7  el_after_av_two_third  el_before_av_one_half '><span class='hr-inner '><span class=\"hr-inner-style\"><\/span><\/span><\/div>\n\n<style type=\"text\/css\" data-created_by=\"avia_inline_auto\" id=\"style-css-av-31rl8s-37d0451f2e21c57bebbc13d6103489d6\">\n.flex_column.av-31rl8s-37d0451f2e21c57bebbc13d6103489d6{\nborder-radius:8px 8px 8px 8px;\npadding:0px 0px 0px 0px;\nbackground-color:#fafafa;\n}\n<\/style>\n<div  class='flex_column av-31rl8s-37d0451f2e21c57bebbc13d6103489d6 av_one_half  avia-builder-el-8  el_after_av_hr  el_before_av_one_half  first flex_column_div av-zero-column-padding  '     ><section  class='av_textblock_section av-2vu3ac-bd1835ada3dd4e403bf28344ab616d71 '   itemscope=\"itemscope\" itemtype=\"https:\/\/schema.org\/CreativeWork\" ><div class='avia_textblock'  itemprop=\"text\" ><p>[CP_CALCULATED_FIELDS id=&#8221;1&#8243;]<\/p>\n<\/div><\/section><\/div>\n\n<style type=\"text\/css\" data-created_by=\"avia_inline_auto\" id=\"style-css-av-2qrzqc-94faa47ed8be0844ee728341242a7e45\">\n.flex_column.av-2qrzqc-94faa47ed8be0844ee728341242a7e45{\nborder-radius:12px 12px 12px 12px;\npadding:15px 15px 15px 15px;\nbackground-color:#555555;\n}\n<\/style>\n<div  class='flex_column av-2qrzqc-94faa47ed8be0844ee728341242a7e45 av_one_half  avia-builder-el-10  el_after_av_one_half  el_before_av_one_half  flex_column_div  '     ><style type=\"text\/css\" data-created_by=\"avia_inline_auto\" id=\"style-css-av-2icht0-bc5d3f504043b6cef57e324b92f7da83\">\n#top .av_textblock_section.av-2icht0-bc5d3f504043b6cef57e324b92f7da83 .avia_textblock{\ncolor:#ffffff;\n}\n<\/style>\n<section  class='av_textblock_section av-2icht0-bc5d3f504043b6cef57e324b92f7da83 '   itemscope=\"itemscope\" itemtype=\"https:\/\/schema.org\/CreativeWork\" ><div class='avia_textblock av_inherit_color'  itemprop=\"text\" ><h2>Conoce la tecnolog\u00eda de nuestros paneles<\/h2>\n<p><em>Posa tu mouse sobre cada elemento.<\/em><\/p>\n<\/div><\/section><br \/>\n\n<style type=\"text\/css\" data-created_by=\"avia_inline_auto\" id=\"style-css-sub-av-m1ag3vvw-f5152468598c92087a33d1b5a541e182\">\n.av-hotspot-image-container .av-image-hotspot.av-m1ag542a-611c1430f3ffaab25103aa81dd2a43ed{\ntop:86.3%;\nleft:67.5%;\n}\n.av-hotspot-image-container .av-image-hotspot.av-m1ag713z-0579767f0ba38aa527c4b6d3e8cc40df{\ntop:86.3%;\nleft:60%;\n}\n.av-hotspot-image-container .av-image-hotspot.av-m1ag8f1a-882f44fde973055d8155e0706a9669fa{\ntop:86.3%;\nleft:51.9%;\n}\n.av-hotspot-image-container .av-image-hotspot.av-m1ag8j5r-ccfcfd7338476517b4fe9f41f4750ba9{\ntop:86.3%;\nleft:43.8%;\n}\n.av-hotspot-image-container .av-image-hotspot.av-m1aga7bj-84461cdaef50b0acbf18d473f94d6a9d{\ntop:86.3%;\nleft:35.6%;\n}\n.av-hotspot-image-container .av-image-hotspot.av-m1ag9oac-5cefa5c8106f7839334adeec8853e4f7{\ntop:86.3%;\nleft:26.9%;\n}\n<\/style>\n<div  class='av-hotspot-image-container av-m1ag3vvw-f5152468598c92087a33d1b5a541e182  avia-builder-el-12  el_after_av_textblock  el_before_av_image_hotspot  av-hotspot-numbered av-mobile-fallback-active  av-non-fullwidth-hotspot-image'  itemprop=\"image\" itemscope=\"itemscope\" itemtype=\"https:\/\/schema.org\/ImageObject\" ><div class='av-hotspot-container'><div class='av-hotspot-container-inner-cell'><div class='av-hotspot-container-inner-wrap'><div class='av-image-hotspot av-m1ag542a-611c1430f3ffaab25103aa81dd2a43ed av-image-hotspot-1 ' data-avia-tooltip-position='top' data-avia-tooltip-alignment='left' data-avia-tooltip-class='av-tt-default-width av-tt-pos-above av-tt-align-left  av-mobile-fallback-active  main_color av-tt-hotspot' data-avia-tooltip='&lt;p&gt;Vidrio templado alta resistencia&lt;\/p&gt;\n'><div class='av-image-hotspot_inner'>1<\/div><div class='av-image-hotspot-pulse'><\/div><\/div><div class='av-image-hotspot av-m1ag713z-0579767f0ba38aa527c4b6d3e8cc40df av-image-hotspot-2 ' data-avia-tooltip-position='top' data-avia-tooltip-alignment='left' data-avia-tooltip-class='av-tt-default-width av-tt-pos-above av-tt-align-left  av-mobile-fallback-active  main_color av-tt-hotspot' data-avia-tooltip='&lt;p&gt;Membrana EVA&lt;\/p&gt;\n'><div class='av-image-hotspot_inner'>2<\/div><div class='av-image-hotspot-pulse'><\/div><\/div><div class='av-image-hotspot av-m1ag8f1a-882f44fde973055d8155e0706a9669fa av-image-hotspot-3 ' data-avia-tooltip-position='top' data-avia-tooltip-alignment='left' data-avia-tooltip-class='av-tt-default-width av-tt-pos-above av-tt-align-left  av-mobile-fallback-active  main_color av-tt-hotspot' data-avia-tooltip='&lt;p&gt;Celdas fotovoltaicas&lt;\/p&gt;\n'><div class='av-image-hotspot_inner'>3<\/div><div class='av-image-hotspot-pulse'><\/div><\/div><div class='av-image-hotspot av-m1ag8j5r-ccfcfd7338476517b4fe9f41f4750ba9 av-image-hotspot-4 ' data-avia-tooltip-position='top' data-avia-tooltip-alignment='left' data-avia-tooltip-class='av-tt-default-width av-tt-pos-above av-tt-align-left  av-mobile-fallback-active  main_color av-tt-hotspot' data-avia-tooltip='&lt;p&gt;Membrana EVA&lt;\/p&gt;\n'><div class='av-image-hotspot_inner'>4<\/div><div class='av-image-hotspot-pulse'><\/div><\/div><div class='av-image-hotspot av-m1aga7bj-84461cdaef50b0acbf18d473f94d6a9d av-image-hotspot-5 ' data-avia-tooltip-position='top' data-avia-tooltip-alignment='left' data-avia-tooltip-class='av-tt-default-width av-tt-pos-above av-tt-align-left  av-mobile-fallback-active  main_color av-tt-hotspot' data-avia-tooltip='&lt;p&gt;L\u00e1mina estructural posterior&lt;\/p&gt;\n'><div class='av-image-hotspot_inner'>5<\/div><div class='av-image-hotspot-pulse'><\/div><\/div><div class='av-image-hotspot av-m1ag9oac-5cefa5c8106f7839334adeec8853e4f7 av-image-hotspot-6 ' data-avia-tooltip-position='top' data-avia-tooltip-alignment='left' data-avia-tooltip-class='av-tt-default-width av-tt-pos-above av-tt-align-left  av-mobile-fallback-active  main_color av-tt-hotspot' data-avia-tooltip='&lt;p&gt;Marco de aluminio extru\u00eddo y caja de conexiones IP67&lt;\/p&gt;\n'><div class='av-image-hotspot_inner'>6<\/div><div class='av-image-hotspot-pulse'><\/div><\/div><img decoding=\"async\" fetchpriority=\"high\" class='wp-image-0 avia-img-lazy-loading-not-0 avia_image' src=\"https:\/\/zensor.ec\/wp-content\/uploads\/2019\/03\/capas_panel_solar_fotovoltaico-1.png\" alt='' title=''   itemprop=\"thumbnailUrl\"  \/><\/div><\/div><\/div><div class='av-hotspot-fallback-tooltip av-image-hotspot-1 '><div class=\"av-hotspot-fallback-tooltip-count\">1<div class=\"avia-arrow\"><\/div><\/div><div class=\"av-hotspot-fallback-tooltip-inner clearfix\"><p>\nVidrio templado alta resistencia<\/p>\n<\/div><\/div><div class='av-hotspot-fallback-tooltip av-image-hotspot-2 '><div class=\"av-hotspot-fallback-tooltip-count\">2<div class=\"avia-arrow\"><\/div><\/div><div class=\"av-hotspot-fallback-tooltip-inner clearfix\"><p>\nMembrana EVA<\/p>\n<\/div><\/div><div class='av-hotspot-fallback-tooltip av-image-hotspot-3 '><div class=\"av-hotspot-fallback-tooltip-count\">3<div class=\"avia-arrow\"><\/div><\/div><div class=\"av-hotspot-fallback-tooltip-inner clearfix\"><p>\nCeldas fotovoltaicas<\/p>\n<\/div><\/div><div class='av-hotspot-fallback-tooltip av-image-hotspot-4 '><div class=\"av-hotspot-fallback-tooltip-count\">4<div class=\"avia-arrow\"><\/div><\/div><div class=\"av-hotspot-fallback-tooltip-inner clearfix\"><p>\nMembrana EVA<\/p>\n<\/div><\/div><div class='av-hotspot-fallback-tooltip av-image-hotspot-5 '><div class=\"av-hotspot-fallback-tooltip-count\">5<div class=\"avia-arrow\"><\/div><\/div><div class=\"av-hotspot-fallback-tooltip-inner clearfix\"><p>\nL\u00e1mina estructural posterior<\/p>\n<\/div><\/div><div class='av-hotspot-fallback-tooltip av-image-hotspot-6 '><div class=\"av-hotspot-fallback-tooltip-count\">6<div class=\"avia-arrow\"><\/div><\/div><div class=\"av-hotspot-fallback-tooltip-inner clearfix\"><p>\nMarco de aluminio extru\u00eddo y caja de conexiones IP67<\/p>\n<\/div><\/div><\/div><br \/>\n<\/p><\/div>\n<style type=\"text\/css\" data-created_by=\"avia_inline_auto\" id=\"style-css-av-1bmk2c-b8dd9bb9720d7f243ca7ea5147de10c1\">\n.flex_column.av-1bmk2c-b8dd9bb9720d7f243ca7ea5147de10c1{\nborder-radius:0px 0px 0px 0px;\npadding:0px 0px 0px 0px;\n}\n<\/style>\n<div  class='flex_column av-1bmk2c-b8dd9bb9720d7f243ca7ea5147de10c1 av_one_half  avia-builder-el-14  el_after_av_one_half  el_before_av_one_half  first flex_column_div av-zero-column-padding  column-top-margin'     ><form action=\"https:\/\/zensor.ec\/?page_id=388\" method=\"post\" data-fields-with-error=\"Found errors in the following field(s):\" class=\"avia_ajax_form av-form-labels-visible   avia-builder-el-15  avia-builder-el-no-sibling   \" data-avia-form-id=\"1\" data-avia-redirect='' ><h3 class=''>Env\u00edanos tu informaci\u00f3n y te contactaremos a la brevedad posible.<\/h3><fieldset><p class='  first_form  form_element form_fullwidth' id='element_avia_1_1'><label for=\"avia_1_1\">Nombre <abbr class=\"required\" title=\"required\">*<\/abbr><\/label> <input name=\"avia_1_1\" class=\"text_input is_empty\" type=\"text\" id=\"avia_1_1\" value=\"\" \/><\/p><p class='  first_form  form_element form_fullwidth' id='element_avia_2_1'><label for=\"avia_2_1\">Tel\u00e9fono <abbr class=\"required\" title=\"required\">*<\/abbr><\/label> <input name=\"avia_2_1\" class=\"text_input is_phone\" type=\"text\" id=\"avia_2_1\" value=\"\" \/><\/p><p class='  first_form  form_element form_fullwidth' id='element_avia_3_1'><label for=\"avia_3_1\">E-Mail <abbr class=\"required\" title=\"required\">*<\/abbr><\/label> <input name=\"avia_3_1\" class=\"text_input is_email\" type=\"text\" id=\"avia_3_1\" value=\"\" \/><\/p><p class='  first_form  form_element form_fullwidth av-last-visible-form-element' id='element_avia_4_1'><label for=\"avia_4_1\" class=\"textare_label hidden textare_label_avia_4_1\">Mensaje <abbr class=\"required\" title=\"required\">*<\/abbr><\/label><textarea  name=\"avia_4_1\" class=\"text_area is_empty\" cols=\"40\" rows=\"7\" id=\"avia_4_1\" ><\/textarea><\/p><p class=\"hidden\"><input type=\"text\" name=\"avia_5_1\" class=\"hidden \" id=\"avia_5_1\" value=\"\" \/><\/p><p class=\"form_element \"><input type=\"hidden\" value=\"1\" name=\"avia_generated_form1\" \/><input type=\"submit\" value=\"Enviar\" class=\"button\"  data-sending-label=\"Sending\"\/><\/p><\/fieldset><\/form><div id=\"ajaxresponse_1\" class=\"ajaxresponse ajaxresponse_1 hidden\"><\/div><\/div><\/p>\n\n<style type=\"text\/css\" data-created_by=\"avia_inline_auto\" id=\"style-css-av-8swh8-82d21c170b591b3844ae9cb958a8ee01\">\n.flex_column.av-8swh8-82d21c170b591b3844ae9cb958a8ee01{\nborder-radius:0px 0px 0px 0px;\npadding:0px 0px 0px 0px;\n}\n<\/style>\n<div  class='flex_column av-8swh8-82d21c170b591b3844ae9cb958a8ee01 av_one_half  avia-builder-el-16  el_after_av_one_half  avia-builder-el-last  flex_column_div av-zero-column-padding  column-top-margin'     ><\/div>\n","protected":false},"excerpt":{"rendered":"","protected":false},"author":1,"featured_media":0,"parent":0,"menu_order":0,"comment_status":"closed","ping_status":"closed","template":"","meta":{"footnotes":""},"class_list":["post-388","page","type-page","status-publish","hentry"],"_links":{"self":[{"href":"https:\/\/zensor.ec\/index.php?rest_route=\/wp\/v2\/pages\/388"}],"collection":[{"href":"https:\/\/zensor.ec\/index.php?rest_route=\/wp\/v2\/pages"}],"about":[{"href":"https:\/\/zensor.ec\/index.php?rest_route=\/wp\/v2\/types\/page"}],"author":[{"embeddable":true,"href":"https:\/\/zensor.ec\/index.php?rest_route=\/wp\/v2\/users\/1"}],"replies":[{"embeddable":true,"href":"https:\/\/zensor.ec\/index.php?rest_route=%2Fwp%2Fv2%2Fcomments&post=388"}],"version-history":[{"count":52,"href":"https:\/\/zensor.ec\/index.php?rest_route=\/wp\/v2\/pages\/388\/revisions"}],"predecessor-version":[{"id":722,"href":"https:\/\/zensor.ec\/index.php?rest_route=\/wp\/v2\/pages\/388\/revisions\/722"}],"wp:attachment":[{"href":"https:\/\/zensor.ec\/index.php?rest_route=%2Fwp%2Fv2%2Fmedia&parent=388"}],"curies":[{"name":"wp","href":"https:\/\/api.w.org\/{rel}","templated":true}]}}