{"id":329,"date":"2018-11-19T03:30:47","date_gmt":"2018-11-19T03:30:47","guid":{"rendered":"https:\/\/zensor.ec\/?page_id=329"},"modified":"2024-09-20T08:07:47","modified_gmt":"2024-09-20T08:07:47","slug":"monitoreo-continuo-gestion-energia","status":"publish","type":"page","link":"https:\/\/zensor.ec\/?page_id=329","title":{"rendered":"Monitoreo Continuo y Gesti\u00f3n de Energ\u00eda"},"content":{"rendered":"<div id='layer_slider_1'  class='avia-layerslider main_color avia-shadow  avia-builder-el-0  el_before_av_textblock  avia-builder-el-first  container_wrap fullsize'  style='height: 301px; max-width: 1280px; margin: 0 auto;'  ><\/div><div id='after_layer_slider_1'  class='main_color av_default_container_wrap container_wrap fullsize'  ><div class='container av-section-cont-open' ><div class='template-page content  av-content-full alpha units'><div class='post-entry post-entry-type-page post-entry-329'><div class='entry-content-wrapper clearfix'>\n<section  class='av_textblock_section av-1rx2zl-490c2960e990a9a9810929336c8a0b73 '   itemscope=\"itemscope\" itemtype=\"https:\/\/schema.org\/CreativeWork\" ><div class='avia_textblock'  itemprop=\"text\" ><p>\nLos sistemas de gesti\u00f3n y monitoreo de energ\u00eda ayudan a administrar de manera m\u00e1s efectiva y eficiente el recurso energ\u00e9tico y finalmente conseguir un ahorro de energ\u00eda.<\/p>\n<p>El primer paso es siempre el levantamiento de informaci\u00f3n de demanda el\u00e9ctrica y posterior medici\u00f3n. Utilizamos tecnolog\u00eda dise\u00f1ada por nuestros ingenieros, desde el hardware hasta el software. El cliente puede acceder a reportes en tiempo real desde la nube.<\/p>\n<\/div><\/section>\n\n<style type=\"text\/css\" data-created_by=\"avia_inline_auto\" id=\"style-css-av-1n8npt-89382484f724cf4cdf945142f62d5ed7\">\n.flex_column.av-1n8npt-89382484f724cf4cdf945142f62d5ed7{\nborder-radius:0px 0px 0px 0px;\npadding:0px 0px 0px 0px;\n}\n<\/style>\n<div  class='flex_column av-1n8npt-89382484f724cf4cdf945142f62d5ed7 av_one_third  avia-builder-el-2  el_after_av_textblock  el_before_av_two_third  first flex_column_div av-zero-column-padding  column-top-margin'     ><style type=\"text\/css\" data-created_by=\"avia_inline_auto\" id=\"style-css-av-m1afubpi-e9cfe26c32815f09ece89629286cd164\">\n.avia-image-container.av-m1afubpi-e9cfe26c32815f09ece89629286cd164 img.avia_image{\nbox-shadow:none;\n}\n.avia-image-container.av-m1afubpi-e9cfe26c32815f09ece89629286cd164 .av-image-caption-overlay-center{\ncolor:#ffffff;\n}\n<\/style>\n<div  class='avia-image-container av-m1afubpi-e9cfe26c32815f09ece89629286cd164 av-styling- avia-align-center  avia-builder-el-3  avia-builder-el-no-sibling '   itemprop=\"image\" itemscope=\"itemscope\" itemtype=\"https:\/\/schema.org\/ImageObject\" ><div class=\"avia-image-container-inner\"><div class=\"avia-image-overlay-wrap\"><img decoding=\"async\" fetchpriority=\"high\" class='avia-img-lazy-loading-not- avia_image ' src=\"https:\/\/zensor.ec\/wp-content\/uploads\/2018\/11\/zensor_monitoreo_remoto-1.png\" alt='' title=''   itemprop=\"thumbnailUrl\"  \/><\/div><\/div><\/div><\/div>\n<style type=\"text\/css\" data-created_by=\"avia_inline_auto\" id=\"style-css-av-17j1u1-9998b75618c0b11a6536718c3aea1d45\">\n.flex_column.av-17j1u1-9998b75618c0b11a6536718c3aea1d45{\nborder-radius:0px 0px 0px 0px;\npadding:0px 0px 0px 0px;\n}\n<\/style>\n<div  class='flex_column av-17j1u1-9998b75618c0b11a6536718c3aea1d45 av_two_third  avia-builder-el-4  el_after_av_one_third  el_before_av_hr  flex_column_div av-zero-column-padding  column-top-margin'     ><section  class='av_textblock_section av-14v4wh-359a048faae7975434fd41881ec094ab '   itemscope=\"itemscope\" itemtype=\"https:\/\/schema.org\/CreativeWork\" ><div class='avia_textblock'  itemprop=\"text\" ><h3>Nuestros equipos de monitoreo<\/h3>\n<p>El equipo ZSEM-200 est\u00e1 dise\u00f1ado para prop\u00f3sito general, raz\u00f3n por la cual tiene un poderoso CPU embebido de 1Ghz basado en tecnolog\u00eda ARM. Este equipo cuenta con 8 entradas anal\u00f3gicas con una velocidad de muestreo de hasta 50kHz y con 12 bits de resoluci\u00f3n. Tambi\u00e9n posee 10 entradas\/salidas digitales tipo GPIO con las que se puede monitorear as\u00ed como tambi\u00e9n accionar dispositivos externos.<\/p>\n<p>Entre otros par\u00e1metros el\u00e9ctricos puede medir o calcular voltaje, corriente, potencia, energ\u00eda, factor de potencia, arm\u00f3nicos, flickers y frecuencia. Puede medir corrientes de gran intensidad (hasta 5000A) gracias a que soporta diferentes dispositivos transformadores de n\u00facleo partido, para tomar lecturas de manera no-invasiva.<\/p>\n<p>Cuenta con conectividad WiFi y acepta opcionalmente m\u00f3dulo 3G para conectarse a trav\u00e9s de la red celular.<\/p>\n<\/div><\/section><\/div><\/p>\n\n<style type=\"text\/css\" data-created_by=\"avia_inline_auto\" id=\"style-css-av-ymhpl-da506ce2f2a92ebf29d6657f5d1b9e90\">\n#top .hr.av-ymhpl-da506ce2f2a92ebf29d6657f5d1b9e90{\nmargin-top:15px;\nmargin-bottom:20px;\n}\n.hr.av-ymhpl-da506ce2f2a92ebf29d6657f5d1b9e90 .hr-inner{\nwidth:100%;\nborder-color:#dfdfdf;\n}\n<\/style>\n<div  class='hr av-ymhpl-da506ce2f2a92ebf29d6657f5d1b9e90 hr-custom  avia-builder-el-6  el_after_av_two_third  el_before_av_two_third  hr-center hr-icon-no'><span class='hr-inner inner-border-av-border-thin'><span class=\"hr-inner-style\"><\/span><\/span><\/div>\n\n<style type=\"text\/css\" data-created_by=\"avia_inline_auto\" id=\"style-css-av-p3ont-7a1ccc44233b96e98a4d80982b067fbc\">\n.flex_column.av-p3ont-7a1ccc44233b96e98a4d80982b067fbc{\nborder-radius:0px 0px 0px 0px;\npadding:0px 0px 0px 0px;\n}\n<\/style>\n<div  class='flex_column av-p3ont-7a1ccc44233b96e98a4d80982b067fbc av_two_third  avia-builder-el-7  el_after_av_hr  el_before_av_one_third  first flex_column_div av-zero-column-padding  '     ><section  class='av_textblock_section av-mycpl-d21a3a77deb29b6de2ace1a3eee49a76 '   itemscope=\"itemscope\" itemtype=\"https:\/\/schema.org\/CreativeWork\" ><div class='avia_textblock'  itemprop=\"text\" ><h3>Nuestra plataforma en la nube<\/h3>\n<p>Todas las muestras enviadas por los dispositivos (nodos de monitoreo) son sincronizadas con nuestros servidores en Internet. Para que dicha informaci\u00f3n est\u00e9 segura contamos con una plataforma de alta disponibilidad.<\/p>\n<p>Desde la interfaz se pueden configurar alertas y acceder a reportes y gr\u00e1ficas de los par\u00e1metros monitoreados. Adem\u00e1s, se puede visualizar un an\u00e1lisis de espectro para analizar ruido el\u00e9ctrico.<\/p>\n<\/div><\/section><\/div>\n\n<style type=\"text\/css\" data-created_by=\"avia_inline_auto\" id=\"style-css-av-d83wx-85a5e10e5cd77add8f29bc04cde8bd61\">\n.flex_column.av-d83wx-85a5e10e5cd77add8f29bc04cde8bd61{\nborder-radius:0px 0px 0px 0px;\npadding:0px 0px 0px 0px;\n}\n<\/style>\n<div  class='flex_column av-d83wx-85a5e10e5cd77add8f29bc04cde8bd61 av_one_third  avia-builder-el-9  el_after_av_two_third  avia-builder-el-last  flex_column_div av-zero-column-padding  '     ><style type=\"text\/css\" data-created_by=\"avia_inline_auto\" id=\"style-css-av-m1aftxdz-bc3fcb979cf09ac0ec7a0dee02e12bfb\">\n.avia-image-container.av-m1aftxdz-bc3fcb979cf09ac0ec7a0dee02e12bfb img.avia_image{\nbox-shadow:none;\n}\n.avia-image-container.av-m1aftxdz-bc3fcb979cf09ac0ec7a0dee02e12bfb .av-image-caption-overlay-center{\ncolor:#ffffff;\n}\n<\/style>\n<div  class='avia-image-container av-m1aftxdz-bc3fcb979cf09ac0ec7a0dee02e12bfb av-styling- avia-align-center  avia-builder-el-10  avia-builder-el-no-sibling '   itemprop=\"image\" itemscope=\"itemscope\" itemtype=\"https:\/\/schema.org\/ImageObject\" ><div class=\"avia-image-container-inner\"><div class=\"avia-image-overlay-wrap\"><img decoding=\"async\" fetchpriority=\"high\" class='avia-img-lazy-loading-not- avia_image ' src=\"https:\/\/zensor.ec\/wp-content\/uploads\/2019\/03\/monitoreo_nube_energia.png\" alt='' title=''   itemprop=\"thumbnailUrl\"  \/><\/div><\/div><\/div><\/div>\n","protected":false},"excerpt":{"rendered":"","protected":false},"author":1,"featured_media":0,"parent":0,"menu_order":0,"comment_status":"closed","ping_status":"closed","template":"","meta":{"footnotes":""},"class_list":["post-329","page","type-page","status-publish","hentry"],"_links":{"self":[{"href":"https:\/\/zensor.ec\/index.php?rest_route=\/wp\/v2\/pages\/329"}],"collection":[{"href":"https:\/\/zensor.ec\/index.php?rest_route=\/wp\/v2\/pages"}],"about":[{"href":"https:\/\/zensor.ec\/index.php?rest_route=\/wp\/v2\/types\/page"}],"author":[{"embeddable":true,"href":"https:\/\/zensor.ec\/index.php?rest_route=\/wp\/v2\/users\/1"}],"replies":[{"embeddable":true,"href":"https:\/\/zensor.ec\/index.php?rest_route=%2Fwp%2Fv2%2Fcomments&post=329"}],"version-history":[{"count":26,"href":"https:\/\/zensor.ec\/index.php?rest_route=\/wp\/v2\/pages\/329\/revisions"}],"predecessor-version":[{"id":713,"href":"https:\/\/zensor.ec\/index.php?rest_route=\/wp\/v2\/pages\/329\/revisions\/713"}],"wp:attachment":[{"href":"https:\/\/zensor.ec\/index.php?rest_route=%2Fwp%2Fv2%2Fmedia&parent=329"}],"curies":[{"name":"wp","href":"https:\/\/api.w.org\/{rel}","templated":true}]}}