{"id":209,"date":"2018-11-14T06:28:24","date_gmt":"2018-11-14T06:28:24","guid":{"rendered":"https:\/\/zensor.ec\/?page_id=209"},"modified":"2024-09-20T08:11:46","modified_gmt":"2024-09-20T08:11:46","slug":"estudio-de-perfil-demanda-energia-electrica","status":"publish","type":"page","link":"https:\/\/zensor.ec\/?page_id=209","title":{"rendered":"Estudios de Perfil de Demanda de Energ\u00eda El\u00e9ctrica"},"content":{"rendered":"<div id='layer_slider_1'  class='avia-layerslider main_color avia-shadow  avia-builder-el-0  el_before_av_one_full  avia-builder-el-first  container_wrap fullsize'  style='height: 301px; max-width: 1280px; margin: 0 auto;'  ><\/div><div id='after_layer_slider_1'  class='main_color av_default_container_wrap container_wrap fullsize'  ><div class='container av-section-cont-open' ><div class='template-page content  av-content-full alpha units'><div class='post-entry post-entry-type-page post-entry-209'><div class='entry-content-wrapper clearfix'>\n\n<style type=\"text\/css\" data-created_by=\"avia_inline_auto\" id=\"style-css-av-33w5a1-ed55e4ec2a180d2d755cc41a46cbd246\">\n.flex_column.av-33w5a1-ed55e4ec2a180d2d755cc41a46cbd246{\nborder-radius:0px 0px 0px 0px;\npadding:0px 0px 0px 0px;\n}\n<\/style>\n<div  class='flex_column av-33w5a1-ed55e4ec2a180d2d755cc41a46cbd246 av_one_full  avia-builder-el-1  el_after_av_layerslider  el_before_av_one_third  avia-builder-el-first  first flex_column_div av-zero-column-padding  '     ><section  class='av_textblock_section av-2ur4dd-5a2d3f2e5700356367969d3aace6093c '   itemscope=\"itemscope\" itemtype=\"https:\/\/schema.org\/CreativeWork\" ><div class='avia_textblock'  itemprop=\"text\" ><p>El estudio del comportamiento de la demanda el\u00e9ctrica de una localidad, como por ejemplo una industria, comercio, un edificio o un complejo de edificios, es imprescindible para comprender cu\u00e1les son sus principales sistemas consumidores de energ\u00eda, as\u00ed como tambi\u00e9n sus comportamientos estacionales.<\/p>\n<p>Tambi\u00e9n nos permitir\u00e1 actuar y tomar las decisiones adecuadas para reducir u optimizar dicho consumo energ\u00e9tico, lo que se traduce en ahorro y optimizaci\u00f3n de recursos.<\/p>\n<p>Nuestra metodolog\u00eda de trabajo inicia con la inspecci\u00f3n de las instalaciones del cliente y posterior instalaci\u00f3n de dispositivos Data Logger de monitoreo de par\u00e1metros el\u00e9ctricos en tiempo real. Estos dispositivos recaban datos entre una o m\u00e1s semanas, dependiendo de lo que resulte adecuado para el an\u00e1lisis que se est\u00e1 realizando.<\/p>\n<\/div><\/section><\/div>\n\n<style type=\"text\/css\" data-created_by=\"avia_inline_auto\" id=\"style-css-av-2qgv4p-49036cd7d6f978023be6a9a296b1a64e\">\n.flex_column.av-2qgv4p-49036cd7d6f978023be6a9a296b1a64e{\nborder-radius:0px 0px 0px 0px;\npadding:0px 0px 0px 0px;\n}\n<\/style>\n<div  class='flex_column av-2qgv4p-49036cd7d6f978023be6a9a296b1a64e av_one_third  avia-builder-el-3  el_after_av_one_full  el_before_av_one_third  first flex_column_div av-zero-column-padding  column-top-margin'     ><p>\n<style type=\"text\/css\" data-created_by=\"avia_inline_auto\" id=\"style-css-av-m1afyiui-6b70151246f77e49478cd0e315e99b94\">\n.avia-image-container.av-m1afyiui-6b70151246f77e49478cd0e315e99b94 img.avia_image{\nbox-shadow:none;\n}\n.avia-image-container.av-m1afyiui-6b70151246f77e49478cd0e315e99b94 .av-image-caption-overlay-center{\ncolor:#ffffff;\n}\n<\/style>\n<div  class='avia-image-container av-m1afyiui-6b70151246f77e49478cd0e315e99b94 av-styling- avia-align-center  avia-builder-el-4  el_before_av_textblock  avia-builder-el-first '   itemprop=\"image\" itemscope=\"itemscope\" itemtype=\"https:\/\/schema.org\/ImageObject\" ><div class=\"avia-image-container-inner\"><div class=\"avia-image-overlay-wrap\"><img decoding=\"async\" fetchpriority=\"high\" class='avia-img-lazy-loading-not- avia_image ' src=\"https:\/\/zensor.ec\/wp-content\/uploads\/2018\/11\/energymon.png\" alt='' title=''   itemprop=\"thumbnailUrl\"  \/><\/div><\/div><\/div><br \/>\n<section  class='av_textblock_section av-2ebk2p-633a64a42cb222fdf8a0ac7a73015b05 '   itemscope=\"itemscope\" itemtype=\"https:\/\/schema.org\/CreativeWork\" ><div class='avia_textblock'  itemprop=\"text\" ><p>\n<strong>Monitoreo de energ\u00eda en tiempo real<\/strong><\/p>\n<p>Servicio adicional, con soporte para dispositivos m\u00f3viles y env\u00edo de alarmas.<\/p>\n<\/div><\/section><\/p><\/div>\n<style type=\"text\/css\" data-created_by=\"avia_inline_auto\" id=\"style-css-av-293oyh-a4faa624a6959531653384f65e709e5b\">\n.flex_column.av-293oyh-a4faa624a6959531653384f65e709e5b{\nborder-radius:0px 0px 0px 0px;\npadding:0px 0px 0px 0px;\n}\n<\/style>\n<div  class='flex_column av-293oyh-a4faa624a6959531653384f65e709e5b av_one_third  avia-builder-el-6  el_after_av_one_third  el_before_av_one_third  flex_column_div av-zero-column-padding  column-top-margin'     ><p>\n<style type=\"text\/css\" data-created_by=\"avia_inline_auto\" id=\"style-css-av-m1afy3wc-bcc29c5134d9aa34aaa4e213170bbab4\">\n.avia-image-container.av-m1afy3wc-bcc29c5134d9aa34aaa4e213170bbab4 img.avia_image{\nbox-shadow:none;\n}\n.avia-image-container.av-m1afy3wc-bcc29c5134d9aa34aaa4e213170bbab4 .av-image-caption-overlay-center{\ncolor:#ffffff;\n}\n<\/style>\n<div  class='avia-image-container av-m1afy3wc-bcc29c5134d9aa34aaa4e213170bbab4 av-styling- avia-align-center  avia-builder-el-7  el_before_av_textblock  avia-builder-el-first '   itemprop=\"image\" itemscope=\"itemscope\" itemtype=\"https:\/\/schema.org\/ImageObject\" ><div class=\"avia-image-container-inner\"><div class=\"avia-image-overlay-wrap\"><img decoding=\"async\" fetchpriority=\"high\" class='avia-img-lazy-loading-not- avia_image ' src=\"https:\/\/zensor.ec\/wp-content\/uploads\/2018\/11\/reportes.jpg\" alt='' title=''   itemprop=\"thumbnailUrl\"  \/><\/div><\/div><\/div><br \/>\n<section  class='av_textblock_section av-1xj4td-ee80c24d298ded083f96fe91b03fb4ad '   itemscope=\"itemscope\" itemtype=\"https:\/\/schema.org\/CreativeWork\" ><div class='avia_textblock'  itemprop=\"text\" ><p>\n<strong>Dosier de mejoras<\/strong><\/p>\n<p>Recomendaciones de mejoras<\/p>\n<\/div><\/section><\/p><\/div>\n<style type=\"text\/css\" data-created_by=\"avia_inline_auto\" id=\"style-css-av-1osd0x-33f394c6d95b792975fb7ff4460e8506\">\n.flex_column.av-1osd0x-33f394c6d95b792975fb7ff4460e8506{\nborder-radius:0px 0px 0px 0px;\npadding:0px 0px 0px 0px;\n}\n<\/style>\n<div  class='flex_column av-1osd0x-33f394c6d95b792975fb7ff4460e8506 av_one_third  avia-builder-el-9  el_after_av_one_third  el_before_av_hr  flex_column_div av-zero-column-padding  column-top-margin'     ><p>\n<style type=\"text\/css\" data-created_by=\"avia_inline_auto\" id=\"style-css-av-m1afyx1u-6ba7edf14fd5b66e43625a9efd6bc5ae\">\n.avia-image-container.av-m1afyx1u-6ba7edf14fd5b66e43625a9efd6bc5ae img.avia_image{\nbox-shadow:none;\n}\n.avia-image-container.av-m1afyx1u-6ba7edf14fd5b66e43625a9efd6bc5ae .av-image-caption-overlay-center{\ncolor:#ffffff;\n}\n<\/style>\n<div  class='avia-image-container av-m1afyx1u-6ba7edf14fd5b66e43625a9efd6bc5ae av-styling- avia-align-center  avia-builder-el-10  el_before_av_textblock  avia-builder-el-first '   itemprop=\"image\" itemscope=\"itemscope\" itemtype=\"https:\/\/schema.org\/ImageObject\" ><div class=\"avia-image-container-inner\"><div class=\"avia-image-overlay-wrap\"><img decoding=\"async\" fetchpriority=\"high\" class='avia-img-lazy-loading-not- avia_image ' src=\"https:\/\/zensor.ec\/wp-content\/uploads\/2018\/11\/caracterizacion.jpg\" alt='' title=''   itemprop=\"thumbnailUrl\"  \/><\/div><\/div><\/div><br \/>\n<section  class='av_textblock_section av-1fqsch-d67a0895efd0d838622f263bfdd56877 '   itemscope=\"itemscope\" itemtype=\"https:\/\/schema.org\/CreativeWork\" ><div class='avia_textblock'  itemprop=\"text\" ><p>\n<strong>Caracterizaci\u00f3n de la carga<\/strong><\/p>\n<p>Determinaci\u00f3n del tipo de carga y sus patrones de comportamiento.<\/p>\n<\/div><\/section><\/p><\/div>\n<style type=\"text\/css\" data-created_by=\"avia_inline_auto\" id=\"style-css-av-16wnex-e4dee889338ea7b59ee64a9ada1b85ed\">\n#top .hr.av-16wnex-e4dee889338ea7b59ee64a9ada1b85ed{\nmargin-top:15px;\nmargin-bottom:20px;\n}\n.hr.av-16wnex-e4dee889338ea7b59ee64a9ada1b85ed .hr-inner{\nwidth:100%;\nborder-color:#dfdfdf;\n}\n<\/style>\n<div  class='hr av-16wnex-e4dee889338ea7b59ee64a9ada1b85ed hr-custom  avia-builder-el-12  el_after_av_one_third  el_before_av_textblock  hr-center hr-icon-no'><span class='hr-inner inner-border-av-border-thin'><span class=\"hr-inner-style\"><\/span><\/span><\/div><\/p>\n<section  class='av_textblock_section av-129n2h-6f7db0ef0bdfcbd2d17184e705a7565e '   itemscope=\"itemscope\" itemtype=\"https:\/\/schema.org\/CreativeWork\" ><div class='avia_textblock'  itemprop=\"text\" ><p>\nEntre otros par\u00e1metros el estudio busca determinar caracter\u00edsticas del perfil de consumo como:<\/p>\n<ul>\n<li>Demanda promedio<\/li>\n<li>Demanda m\u00e1xima<\/li>\n<li>Demanda diversificada o coincidente<\/li>\n<li>Demanda m\u00e1xima no coincidente<\/li>\n<li>Factor de demanda<\/li>\n<li>Factor de carga<\/li>\n<li>Curvas de carga<\/li>\n<li>Estacionalidad<\/li>\n<\/ul>\n<p>El estudio permite recomendar, cuando sea posible, la modificaci\u00f3n de los patrones de consumo para ajustarse a los beneficios o incentivos en tarifas horarias y obtener ahorros en los pagos de la facturaci\u00f3n de energ\u00eda. Tambi\u00e9n buscamos identificar patrones de anomal\u00edas como:<\/p>\n<ul>\n<li>Desbalance de carga trif\u00e1sica (si es que aplica)<\/li>\n<li>Factor de potencia<\/li>\n<li>Picos de consumo<\/li>\n<li>Interrupciones en el suministro<\/li>\n<li>Variaciones de voltaje<\/li>\n<li>Variaciones de frecuencia<\/li>\n<\/ul>\n<p>Todos los par\u00e1metros monitoreados son contrastados contra la normativa vigente del organismo regulador para determinar si existen riesgos en cuanto al cumplimiento de las normas y en consecuencia recomendar las medidas correctivas necesarias.<\/p>\n<\/div><\/section>\n<form action=\"https:\/\/zensor.ec\/?page_id=209\" method=\"post\" data-fields-with-error=\"Found errors in the following field(s):\" class=\"avia_ajax_form av-form-labels-visible   avia-builder-el-14  el_after_av_textblock  avia-builder-el-last   \" data-avia-form-id=\"1\" data-avia-redirect='' ><h3 class=''>Env\u00edanos tu informaci\u00f3n y te contactaremos a la brevedad posible.<\/h3><fieldset><p class='  first_form  form_element form_fullwidth' id='element_avia_1_1'><label for=\"avia_1_1\">Nombre <abbr class=\"required\" title=\"required\">*<\/abbr><\/label> <input name=\"avia_1_1\" class=\"text_input is_empty\" type=\"text\" id=\"avia_1_1\" value=\"\" \/><\/p><p class='  first_form  form_element form_fullwidth' id='element_avia_2_1'><label for=\"avia_2_1\">Tel\u00e9fono <abbr class=\"required\" title=\"required\">*<\/abbr><\/label> <input name=\"avia_2_1\" class=\"text_input is_phone\" type=\"text\" id=\"avia_2_1\" value=\"\" \/><\/p><p class='  first_form  form_element form_fullwidth' id='element_avia_3_1'><label for=\"avia_3_1\">E-Mail <abbr class=\"required\" title=\"required\">*<\/abbr><\/label> <input name=\"avia_3_1\" class=\"text_input is_email\" type=\"text\" id=\"avia_3_1\" value=\"\" \/><\/p><p class='  first_form  form_element form_fullwidth av-last-visible-form-element' id='element_avia_4_1'><label for=\"avia_4_1\" class=\"textare_label hidden textare_label_avia_4_1\">Mensaje <abbr class=\"required\" title=\"required\">*<\/abbr><\/label><textarea  name=\"avia_4_1\" class=\"text_area is_empty\" cols=\"40\" rows=\"7\" id=\"avia_4_1\" ><\/textarea><\/p><p class=\"hidden\"><input type=\"text\" name=\"avia_5_1\" class=\"hidden \" id=\"avia_5_1\" value=\"\" \/><\/p><p class=\"form_element \"><input type=\"hidden\" value=\"1\" name=\"avia_generated_form1\" \/><input type=\"submit\" value=\"Enviar\" class=\"button\"  data-sending-label=\"Sending\"\/><\/p><\/fieldset><\/form><div id=\"ajaxresponse_1\" class=\"ajaxresponse ajaxresponse_1 hidden\"><\/div>\n","protected":false},"excerpt":{"rendered":"","protected":false},"author":1,"featured_media":0,"parent":0,"menu_order":0,"comment_status":"closed","ping_status":"closed","template":"","meta":{"footnotes":""},"class_list":["post-209","page","type-page","status-publish","hentry"],"_links":{"self":[{"href":"https:\/\/zensor.ec\/index.php?rest_route=\/wp\/v2\/pages\/209"}],"collection":[{"href":"https:\/\/zensor.ec\/index.php?rest_route=\/wp\/v2\/pages"}],"about":[{"href":"https:\/\/zensor.ec\/index.php?rest_route=\/wp\/v2\/types\/page"}],"author":[{"embeddable":true,"href":"https:\/\/zensor.ec\/index.php?rest_route=\/wp\/v2\/users\/1"}],"replies":[{"embeddable":true,"href":"https:\/\/zensor.ec\/index.php?rest_route=%2Fwp%2Fv2%2Fcomments&post=209"}],"version-history":[{"count":32,"href":"https:\/\/zensor.ec\/index.php?rest_route=\/wp\/v2\/pages\/209\/revisions"}],"predecessor-version":[{"id":715,"href":"https:\/\/zensor.ec\/index.php?rest_route=\/wp\/v2\/pages\/209\/revisions\/715"}],"wp:attachment":[{"href":"https:\/\/zensor.ec\/index.php?rest_route=%2Fwp%2Fv2%2Fmedia&parent=209"}],"curies":[{"name":"wp","href":"https:\/\/api.w.org\/{rel}","templated":true}]}}