{"id":184,"date":"2018-08-03T23:56:54","date_gmt":"2018-08-03T23:56:54","guid":{"rendered":"https:\/\/zensor.ec\/?page_id=184"},"modified":"2024-09-20T05:11:25","modified_gmt":"2024-09-20T05:11:25","slug":"renovables","status":"publish","type":"page","link":"https:\/\/zensor.ec\/?page_id=184","title":{"rendered":"Renovables"},"content":{"rendered":"<div id='layer_slider_1'  class='avia-layerslider main_color avia-shadow  avia-builder-el-0  el_before_av_one_full  avia-builder-el-first  container_wrap fullsize'  style='height: 301px; max-width: 1280px; margin: 0 auto;'  ><\/div><div id='after_layer_slider_1'  class='main_color av_default_container_wrap container_wrap fullsize'  ><div class='container av-section-cont-open' ><div class='template-page content  av-content-full alpha units'><div class='post-entry post-entry-type-page post-entry-184'><div class='entry-content-wrapper clearfix'>\n\n<style type=\"text\/css\" data-created_by=\"avia_inline_auto\" id=\"style-css-av-3ft78w-64c6dd5a1a754265a276ff18bb0e75f6\">\n.flex_column.av-3ft78w-64c6dd5a1a754265a276ff18bb0e75f6{\nborder-radius:0px 0px 0px 0px;\npadding:0px 0px 0px 0px;\n}\n<\/style>\n<div  class='flex_column av-3ft78w-64c6dd5a1a754265a276ff18bb0e75f6 av_one_full  avia-builder-el-1  el_after_av_layerslider  el_before_av_one_third  avia-builder-el-first  first flex_column_div av-zero-column-padding  '     ><section  class='av_textblock_section av-3ah2kw-15790189a10f93be20be6cd0ec735df5 '   itemscope=\"itemscope\" itemtype=\"https:\/\/schema.org\/CreativeWork\" ><div class='avia_textblock'  itemprop=\"text\" ><p>La tecnolog\u00edas de generaci\u00f3n de energ\u00eda renovable, muy especialmente la fotovoltaica, han experimentado una interesante evoluci\u00f3n. Esto ha significado que la generaci\u00f3n de energ\u00eda a trav\u00e9s de este m\u00e9todo sea rentable desde el punto de vista econ\u00f3mico y tambi\u00e9n conveniente, tanto para el usuario como para el planeta.<\/p>\n<p>Nuestros dise\u00f1os fotovoltaicos se enfocan tanto en ahorro como en respaldo de energ\u00eda. En ambas categor\u00edas tenemos soluciones tanto para hogares, como para conjuntos habitacionales, as\u00ed como para la industria y gobiernos.<\/p>\n<p>Nuestras soluciones de ahorro pueden inclusive funcionar libres de bater\u00edas, lo que se traduce en reducci\u00f3n de costo y aumento de la eficiencia total del sistema.<\/p>\n<\/div><\/section><\/div>\n\n<style type=\"text\/css\" data-created_by=\"avia_inline_auto\" id=\"style-css-av-32g9z4-dc9871db57cda3488018f06491200bee\">\n.flex_column.av-32g9z4-dc9871db57cda3488018f06491200bee{\nborder-width:1px;\nborder-style:solid;\nborder-radius:10px 10px 10px 10px;\npadding:0px 20px 0px 20px;\nbackground-color:#f6f6f6;\n}\n<\/style>\n<div  class='flex_column av-32g9z4-dc9871db57cda3488018f06491200bee av_one_third  avia-builder-el-3  el_after_av_one_full  el_before_av_one_third  first flex_column_div  column-top-margin'     ><p>\n<style type=\"text\/css\" data-created_by=\"avia_inline_auto\" id=\"style-css-av-m1a9g3zw-0492b121b1247511b43cfa6e8d4fc8be\">\n.avia-image-container.av-m1a9g3zw-0492b121b1247511b43cfa6e8d4fc8be img.avia_image{\nbox-shadow:none;\n}\n.avia-image-container.av-m1a9g3zw-0492b121b1247511b43cfa6e8d4fc8be .av-image-caption-overlay-center{\ncolor:#ffffff;\n}\n<\/style>\n<div  class='avia-image-container av-m1a9g3zw-0492b121b1247511b43cfa6e8d4fc8be av-styling- avia-align-center  avia-builder-el-4  el_before_av_hr  avia-builder-el-first '   itemprop=\"image\" itemscope=\"itemscope\" itemtype=\"https:\/\/schema.org\/ImageObject\" ><div class=\"avia-image-container-inner\"><div class=\"avia-image-overlay-wrap\"><img decoding=\"async\" fetchpriority=\"high\" class='avia-img-lazy-loading-not- avia_image ' src=\"https:\/\/zensor.ec\/wp-content\/uploads\/2019\/02\/panel_solar_fotovoltaico_ecuador2.png\" alt='' title=''   itemprop=\"thumbnailUrl\"  \/><\/div><\/div><\/div><br \/>\n\n<style type=\"text\/css\" data-created_by=\"avia_inline_auto\" id=\"style-css-av-2t409k-9c2c18e0ffb01d3c4810fb173f7d02c8\">\n#top .hr.av-2t409k-9c2c18e0ffb01d3c4810fb173f7d02c8{\nmargin-top:10px;\nmargin-bottom:10px;\n}\n.hr.av-2t409k-9c2c18e0ffb01d3c4810fb173f7d02c8 .hr-inner{\nwidth:100%;\nborder-color:#bfbfbf;\n}\n<\/style>\n<div  class='hr av-2t409k-9c2c18e0ffb01d3c4810fb173f7d02c8 hr-custom  avia-builder-el-5  el_after_av_image  el_before_av_textblock  hr-center hr-icon-no'><span class='hr-inner inner-border-av-border-thin'><span class=\"hr-inner-style\"><\/span><\/span><\/div><br \/>\n<section  class='av_textblock_section av-2k5e2g-07a12d64fde3c92f2c14d6a6de8ad81c '   itemscope=\"itemscope\" itemtype=\"https:\/\/schema.org\/CreativeWork\" ><div class='avia_textblock'  itemprop=\"text\" ><p>\n<strong>Paneles con 10 a\u00f1os de garant\u00eda<\/strong><\/p>\n<p>Las mejores opciones. Mira <a href=\"http:\/\/zensor.ec\/paneles-solares-fotovoltaicos\/\">nuestro cat\u00e1logo<\/a>.<\/p>\n<\/div><\/section><\/p><\/div>\n<style type=\"text\/css\" data-created_by=\"avia_inline_auto\" id=\"style-css-av-2fh3fc-a41d484c41ad3180b9cd601f6b56d8d2\">\n.flex_column.av-2fh3fc-a41d484c41ad3180b9cd601f6b56d8d2{\nborder-radius:0px 0px 0px 0px;\npadding:0px 20px 0px 20px;\n}\n<\/style>\n<div  class='flex_column av-2fh3fc-a41d484c41ad3180b9cd601f6b56d8d2 av_one_third  avia-builder-el-7  el_after_av_one_third  el_before_av_one_third  flex_column_div  column-top-margin'     ><p>\n<style type=\"text\/css\" data-created_by=\"avia_inline_auto\" id=\"style-css-av-m1a9hpdq-de2bb543034f72d594b64fbc5d6bb0d1\">\n.avia-image-container.av-m1a9hpdq-de2bb543034f72d594b64fbc5d6bb0d1 img.avia_image{\nbox-shadow:none;\n}\n.avia-image-container.av-m1a9hpdq-de2bb543034f72d594b64fbc5d6bb0d1 .av-image-caption-overlay-center{\ncolor:#ffffff;\n}\n<\/style>\n<div  class='avia-image-container av-m1a9hpdq-de2bb543034f72d594b64fbc5d6bb0d1 av-styling- avia-align-center  avia-builder-el-8  el_before_av_hr  avia-builder-el-first '   itemprop=\"image\" itemscope=\"itemscope\" itemtype=\"https:\/\/schema.org\/ImageObject\" ><div class=\"avia-image-container-inner\"><div class=\"avia-image-overlay-wrap\"><img decoding=\"async\" fetchpriority=\"high\" class='avia-img-lazy-loading-not- avia_image ' src=\"https:\/\/zensor.ec\/wp-content\/uploads\/2018\/11\/estudio_perfil_electrico.jpg\" alt='' title=''   itemprop=\"thumbnailUrl\"  \/><\/div><\/div><\/div><br \/>\n\n<style type=\"text\/css\" data-created_by=\"avia_inline_auto\" id=\"style-css-av-7b21s-689690d10494120785245bed78277793\">\n#top .hr.av-7b21s-689690d10494120785245bed78277793{\nmargin-top:10px;\nmargin-bottom:10px;\n}\n.hr.av-7b21s-689690d10494120785245bed78277793 .hr-inner{\nwidth:100%;\nborder-color:#bfbfbf;\n}\n<\/style>\n<div  class='hr av-7b21s-689690d10494120785245bed78277793 hr-custom  avia-builder-el-9  el_after_av_image  el_before_av_textblock  hr-center hr-icon-no'><span class='hr-inner inner-border-av-border-thin'><span class=\"hr-inner-style\"><\/span><\/span><\/div><br \/>\n<section  class='av_textblock_section av-1vnfao-2001548a7ff125e53fa411f9442ffc7a '   itemscope=\"itemscope\" itemtype=\"https:\/\/schema.org\/CreativeWork\" ><div class='avia_textblock'  itemprop=\"text\" ><p>\n<strong>Experiencia<\/strong><\/p>\n<p>Personal capacitado y experimentado.<\/p>\n<\/div><\/section><\/p><\/div>\n<style type=\"text\/css\" data-created_by=\"avia_inline_auto\" id=\"style-css-av-1qmqo0-c242b71be9fb18d31895f5ecd3280dce\">\n.flex_column.av-1qmqo0-c242b71be9fb18d31895f5ecd3280dce{\nborder-radius:0px 0px 0px 0px;\npadding:0px 20px 0px 20px;\nbackground-color:#f6f6f6;\n}\n<\/style>\n<div  class='flex_column av-1qmqo0-c242b71be9fb18d31895f5ecd3280dce av_one_third  avia-builder-el-11  el_after_av_one_third  el_before_av_hr  flex_column_div  column-top-margin'     ><p>\n<style type=\"text\/css\" data-created_by=\"avia_inline_auto\" id=\"style-css-av-m1a9gtjd-98c667d837d64b267ea7c13b15054a72\">\n.avia-image-container.av-m1a9gtjd-98c667d837d64b267ea7c13b15054a72 img.avia_image{\nbox-shadow:none;\n}\n.avia-image-container.av-m1a9gtjd-98c667d837d64b267ea7c13b15054a72 .av-image-caption-overlay-center{\ncolor:#ffffff;\n}\n<\/style>\n<div  class='avia-image-container av-m1a9gtjd-98c667d837d64b267ea7c13b15054a72 av-styling- avia-align-center  avia-builder-el-12  el_before_av_hr  avia-builder-el-first '   itemprop=\"image\" itemscope=\"itemscope\" itemtype=\"https:\/\/schema.org\/ImageObject\" ><div class=\"avia-image-container-inner\"><div class=\"avia-image-overlay-wrap\"><img decoding=\"async\" fetchpriority=\"high\" class='avia-img-lazy-loading-not- avia_image ' src=\"https:\/\/zensor.ec\/wp-content\/uploads\/2019\/03\/hybrid_inverter.png\" alt='' title=''   itemprop=\"thumbnailUrl\"  \/><\/div><\/div><\/div><br \/>\n\n<style type=\"text\/css\" data-created_by=\"avia_inline_auto\" id=\"style-css-av-5604o-e757c87630d2549d953cc67aa92dfd05\">\n#top .hr.av-5604o-e757c87630d2549d953cc67aa92dfd05{\nmargin-top:10px;\nmargin-bottom:10px;\n}\n.hr.av-5604o-e757c87630d2549d953cc67aa92dfd05 .hr-inner{\nwidth:100%;\nborder-color:#bfbfbf;\n}\n<\/style>\n<div  class='hr av-5604o-e757c87630d2549d953cc67aa92dfd05 hr-custom  avia-builder-el-13  el_after_av_image  el_before_av_textblock  hr-center hr-icon-no'><span class='hr-inner inner-border-av-border-thin'><span class=\"hr-inner-style\"><\/span><\/span><\/div><br \/>\n<section  class='av_textblock_section av-19lpzs-523b94a1cf70a8d3b192e6a44b3e4436 '   itemscope=\"itemscope\" itemtype=\"https:\/\/schema.org\/CreativeWork\" ><div class='avia_textblock'  itemprop=\"text\" ><p>\n<strong>Inversores de alta calidad<\/strong><\/p>\n<p>Alt\u00edsima eficiencia de m\u00e1s del 98%. <a href=\"http:\/\/zensor.ec\/respaldo\/\">M\u00e1s informaci\u00f3n<\/a>.<\/p>\n<\/div><\/section><\/p><\/div>\n<style type=\"text\/css\" data-created_by=\"avia_inline_auto\" id=\"style-css-av-124vr4-49beb2a1bda276f4d08912fdf901665c\">\n#top .hr.hr-invisible.av-124vr4-49beb2a1bda276f4d08912fdf901665c{\nheight:50px;\n}\n<\/style>\n<div  class='hr av-124vr4-49beb2a1bda276f4d08912fdf901665c hr-invisible  avia-builder-el-15  el_after_av_one_third  el_before_av_textblock '><span class='hr-inner '><span class=\"hr-inner-style\"><\/span><\/span><\/div><\/p>\n<section  class='av_textblock_section av-x7rzc-4ef04df01eba725d04a09d9d46acbbb3 '   itemscope=\"itemscope\" itemtype=\"https:\/\/schema.org\/CreativeWork\" ><div class='avia_textblock'  itemprop=\"text\" ><\/p>\n<h3><strong>Sistemas fotovoltaicos aut\u00f3nomos o de respaldo<\/strong><\/h3>\n<p>Los sistemas fotovoltaicos aut\u00f3nomos o tambi\u00e9n llamados off-grid, utilizan bater\u00edas para el almacenamiento de energ\u00eda, para poder garantizar el suministro durante la noche. Estos sistemas tambi\u00e9n se llaman de respaldo debido a que pueden operar en conjunto con la red el\u00e9ctrica p\u00fablica y entrar en funcionamiento en caso de apagones.<\/p>\n<\/div><\/section>\n\n<style type=\"text\/css\" data-created_by=\"avia_inline_auto\" id=\"style-css-av-toc0o-31b1af93454f69b4825a8d8a1f69babf\">\n#top .hr.hr-invisible.av-toc0o-31b1af93454f69b4825a8d8a1f69babf{\nheight:30px;\n}\n<\/style>\n<div  class='hr av-toc0o-31b1af93454f69b4825a8d8a1f69babf hr-invisible  avia-builder-el-17  el_after_av_textblock  el_before_av_textblock '><span class='hr-inner '><span class=\"hr-inner-style\"><\/span><\/span><\/div>\n<section  class='av_textblock_section av-ihdug-49a85d141270b7b9038f4888d1a32c7f '   itemscope=\"itemscope\" itemtype=\"https:\/\/schema.org\/CreativeWork\" ><div class='avia_textblock'  itemprop=\"text\" ><\/p>\n<h3><strong>Sistemas fotovoltaicos conectados en l\u00ednea o de ahorro<\/strong><\/h3>\n<p>Estos sistemas tambi\u00e9n se denominan on-grid o grid-tie, debido a que funcionan en sincron\u00eda con la red el\u00e9ctrica p\u00fablica, suministrando potencia para suplir la demanda del cliente y en ocasiones inclusive cediendo energ\u00eda a la red p\u00fablica. En este tipo de instalaciones se utilizan equipos inversores sofisticados que generan una onda el\u00e9ctrica en fase con la energ\u00eda p\u00fablica, lo que tambi\u00e9n mejora la calidad de energ\u00eda utilizada por el cliente.<\/p>\n<\/div><\/section>\n\n<style type=\"text\/css\" data-created_by=\"avia_inline_auto\" id=\"style-css-av-ea668-30fed48d37f172011e270a4da07d481a\">\n#top .hr.hr-invisible.av-ea668-30fed48d37f172011e270a4da07d481a{\nheight:30px;\n}\n<\/style>\n<div  class='hr av-ea668-30fed48d37f172011e270a4da07d481a hr-invisible  avia-builder-el-19  el_after_av_textblock  el_before_av_textblock '><span class='hr-inner '><span class=\"hr-inner-style\"><\/span><\/span><\/div>\n<section  class='av_textblock_section av-sojs-bd5835e2168af058be50ccf1b1a47dc3 '   itemscope=\"itemscope\" itemtype=\"https:\/\/schema.org\/CreativeWork\" ><div class='avia_textblock'  itemprop=\"text\" ><\/p>\n<h3><strong>Granjas solares<\/strong><\/h3>\n<p>Se trata de plantas de generaci\u00f3n fotovoltaicas, que van desde los 200kW a varios Megavatios de potencia instalada. Se utilizan normalmente para proveer de energ\u00eda a poblaciones o para vender energ\u00eda al Gobierno.<\/p>\n<\/div><\/section>\n","protected":false},"excerpt":{"rendered":"","protected":false},"author":1,"featured_media":0,"parent":0,"menu_order":0,"comment_status":"closed","ping_status":"closed","template":"","meta":{"footnotes":""},"class_list":["post-184","page","type-page","status-publish","hentry"],"_links":{"self":[{"href":"https:\/\/zensor.ec\/index.php?rest_route=\/wp\/v2\/pages\/184"}],"collection":[{"href":"https:\/\/zensor.ec\/index.php?rest_route=\/wp\/v2\/pages"}],"about":[{"href":"https:\/\/zensor.ec\/index.php?rest_route=\/wp\/v2\/types\/page"}],"author":[{"embeddable":true,"href":"https:\/\/zensor.ec\/index.php?rest_route=\/wp\/v2\/users\/1"}],"replies":[{"embeddable":true,"href":"https:\/\/zensor.ec\/index.php?rest_route=%2Fwp%2Fv2%2Fcomments&post=184"}],"version-history":[{"count":44,"href":"https:\/\/zensor.ec\/index.php?rest_route=\/wp\/v2\/pages\/184\/revisions"}],"predecessor-version":[{"id":708,"href":"https:\/\/zensor.ec\/index.php?rest_route=\/wp\/v2\/pages\/184\/revisions\/708"}],"wp:attachment":[{"href":"https:\/\/zensor.ec\/index.php?rest_route=%2Fwp%2Fv2%2Fmedia&parent=184"}],"curies":[{"name":"wp","href":"https:\/\/api.w.org\/{rel}","templated":true}]}}