{"id":152,"date":"2016-05-04T13:17:23","date_gmt":"2016-05-04T13:17:23","guid":{"rendered":"http:\/\/www.kriesi.at\/themes\/enfold-app\/?page_id=152"},"modified":"2024-09-20T01:26:50","modified_gmt":"2024-09-20T01:26:50","slug":"energia_solar_eficiencia_energetica_ecuador","status":"publish","type":"page","link":"https:\/\/zensor.ec\/","title":{"rendered":"Energ\u00eda solar y eficiencia energ\u00e9tica en Ecuador"},"content":{"rendered":"\n<style type=\"text\/css\" data-created_by=\"avia_inline_auto\" id=\"style-css-av-5nw7sw-93491a9d91bc1f3c43bd74048c67fdc9\">\n.avia-section.av-5nw7sw-93491a9d91bc1f3c43bd74048c67fdc9{\nmargin-top:0px;\nmargin-bottom:0px;\n}\n.avia-section.av-5nw7sw-93491a9d91bc1f3c43bd74048c67fdc9 .av-section-color-overlay{\nopacity:0.5;\nbackground-color:#3e6792;\n}\n<\/style>\n<div id='av_section_1'  class='avia-section av-5nw7sw-93491a9d91bc1f3c43bd74048c67fdc9 main_color avia-section-default avia-no-border-styling  avia-builder-el-0  el_before_av_layout_row  avia-builder-el-first  avia-bg-style-fixed av-section-color-overlay-active container_wrap fullsize'  ><div class=\"av-section-color-overlay-wrap\"><div class=\"av-section-color-overlay\"><\/div><div class='container av-section-cont-open' ><main  role=\"main\" itemprop=\"mainContentOfPage\"  class='template-page content  av-content-full alpha units'><div class='post-entry post-entry-type-page post-entry-152'><div class='entry-content-wrapper clearfix'>\n\n<style type=\"text\/css\" data-created_by=\"avia_inline_auto\" id=\"style-css-av-5l3b34-e79021683fae1cb8cfe4bb1b2db436dc\">\n#top .flex_column.av-5l3b34-e79021683fae1cb8cfe4bb1b2db436dc{\nmargin-top:0px;\nmargin-bottom:0px;\n}\n.flex_column.av-5l3b34-e79021683fae1cb8cfe4bb1b2db436dc{\nborder-radius:0px 0px 0px 0px;\npadding:0px 0px 0px 0px;\n}\n.responsive #top #wrap_all .flex_column.av-5l3b34-e79021683fae1cb8cfe4bb1b2db436dc{\nmargin-top:0px;\nmargin-bottom:0px;\n}\n<\/style>\n<div  class='flex_column av-5l3b34-e79021683fae1cb8cfe4bb1b2db436dc av_one_full  avia-builder-el-1  el_before_av_one_third  avia-builder-el-first  first flex_column_div av-animated-generic fade-in av-zero-column-padding  '     ><style type=\"text\/css\" data-created_by=\"avia_inline_auto\" id=\"style-css-av-5g5awo-988e08d9f5c9853661bcb7333a61246e\">\n#top .av-special-heading.av-5g5awo-988e08d9f5c9853661bcb7333a61246e{\npadding-bottom:10px;\ncolor:#ffffff;\nfont-size:40px;\n}\nbody .av-special-heading.av-5g5awo-988e08d9f5c9853661bcb7333a61246e .av-special-heading-tag .heading-char{\nfont-size:25px;\n}\n#top #wrap_all .av-special-heading.av-5g5awo-988e08d9f5c9853661bcb7333a61246e .av-special-heading-tag{\nfont-size:40px;\n}\n.av-special-heading.av-5g5awo-988e08d9f5c9853661bcb7333a61246e .special-heading-inner-border{\nborder-color:#ffffff;\n}\n.av-special-heading.av-5g5awo-988e08d9f5c9853661bcb7333a61246e .av-subheading{\nfont-size:20px;\n}\n\n@media only screen and (min-width: 480px) and (max-width: 767px){ \n#top #wrap_all .av-special-heading.av-5g5awo-988e08d9f5c9853661bcb7333a61246e .av-special-heading-tag{\nfont-size:0.8em;\n}\n}\n\n@media only screen and (max-width: 479px){ \n#top #wrap_all .av-special-heading.av-5g5awo-988e08d9f5c9853661bcb7333a61246e .av-special-heading-tag{\nfont-size:0.8em;\n}\n}\n<\/style>\n<div  class='av-special-heading av-5g5awo-988e08d9f5c9853661bcb7333a61246e av-special-heading-h1 custom-color-heading blockquote modern-quote modern-centered  avia-builder-el-2  avia-builder-el-no-sibling  av-inherit-size'><h1 class='av-special-heading-tag '  itemprop=\"headline\"  >SOMOS UNA EMPRESA DE ENERG\u00cdA<\/h1><div class='av_custom_color av-subheading av-subheading_below'><p>GENERACION DE RENOVABLES, GESTION, EFICIENCIA Y MONITOREO<\/p>\n<\/div><div class=\"special-heading-border\"><div class=\"special-heading-inner-border\"><\/div><\/div><\/div><\/div>\n<style type=\"text\/css\" data-created_by=\"avia_inline_auto\" id=\"style-css-av-5a7eag-d319d051c13aab948d386e94b331ca3b\">\n.flex_column.av-5a7eag-d319d051c13aab948d386e94b331ca3b{\nborder-radius:0px 0px 0px 0px;\npadding:0px 0px 0px 0px;\n}\n<\/style>\n<div  class='flex_column av-5a7eag-d319d051c13aab948d386e94b331ca3b av_one_third  avia-builder-el-3  el_after_av_one_full  el_before_av_one_third  first flex_column_div av-zero-column-padding  column-top-margin'     ><style type=\"text\/css\" data-created_by=\"avia_inline_auto\" id=\"style-css-av-i7dhc-722e479f65279b3849c93314dd590a33\">\n#top #wrap_all .avia-team-member.av-i7dhc-722e479f65279b3849c93314dd590a33 .team-member-name{\ncolor:#ffffff;\n}\n.avia-team-member.av-i7dhc-722e479f65279b3849c93314dd590a33 .team-member-job-title{\ncolor:#ffffff;\n}\n.avia-team-member.av-i7dhc-722e479f65279b3849c93314dd590a33 .team-member-description{\ncolor:#ffffff;\n}\n<\/style>\n<section  class='avia-team-member av-i7dhc-722e479f65279b3849c93314dd590a33  avia-builder-el-4  avia-builder-el-no-sibling '  itemscope=\"itemscope\" itemtype=\"https:\/\/schema.org\/Person\" ><div class=\"team-img-container\"><img decoding=\"async\" fetchpriority=\"high\" class='wp-image-458 avia-img-lazy-loading-not-458 avia_image avia_image_team' src=\"http:\/\/zensor.ec\/wp-content\/uploads\/2019\/02\/instalacion_fotovoltaica_grid_tie_on.jpg\" alt='ESPOL: Solar 50kW grid-tie'  itemprop=\"image\"   \/><\/div><h3 class='team-member-name '  itemprop=\"name\" >ESPOL: Solar 50kW grid-tie<\/h3><span class='hidden team-member-affiliation'  itemprop=\"affiliation\" >Zensor<\/span><\/section><\/div>\n<style type=\"text\/css\" data-created_by=\"avia_inline_auto\" id=\"style-css-av-4u6d54-8d229cdd0aef61edfc112fc85c3fd49e\">\n.flex_column.av-4u6d54-8d229cdd0aef61edfc112fc85c3fd49e{\nborder-radius:0px 0px 0px 0px;\npadding:0px 0px 0px 0px;\n}\n<\/style>\n<div  class='flex_column av-4u6d54-8d229cdd0aef61edfc112fc85c3fd49e av_one_third  avia-builder-el-5  el_after_av_one_third  el_before_av_one_third  flex_column_div av-zero-column-padding  column-top-margin'     ><style type=\"text\/css\" data-created_by=\"avia_inline_auto\" id=\"style-css-av-4s6bs0-4b9af0ad8d26e30add2415725669d409\">\n#top #wrap_all .avia-team-member.av-4s6bs0-4b9af0ad8d26e30add2415725669d409 .team-member-name{\ncolor:#ffffff;\n}\n.avia-team-member.av-4s6bs0-4b9af0ad8d26e30add2415725669d409 .team-member-job-title{\ncolor:#ffffff;\n}\n.avia-team-member.av-4s6bs0-4b9af0ad8d26e30add2415725669d409 .team-member-description{\ncolor:#ffffff;\n}\n<\/style>\n<section  class='avia-team-member av-4s6bs0-4b9af0ad8d26e30add2415725669d409  avia-builder-el-6  avia-builder-el-no-sibling '  itemscope=\"itemscope\" itemtype=\"https:\/\/schema.org\/Person\" ><div class=\"team-img-container\"><img decoding=\"async\" fetchpriority=\"high\" class='wp-image-476 avia-img-lazy-loading-not-476 avia_image avia_image_team' src=\"http:\/\/zensor.ec\/wp-content\/uploads\/2019\/02\/the_point.png\" alt='The Point: Estudio Perfil de Consumo'  itemprop=\"image\"   \/><\/div><h3 class='team-member-name '  itemprop=\"name\" >The Point: Estudio Perfil de Consumo<\/h3><span class='hidden team-member-affiliation'  itemprop=\"affiliation\" >Zensor<\/span><\/section><\/div>\n<style type=\"text\/css\" data-created_by=\"avia_inline_auto\" id=\"style-css-av-4hx094-e9dc6347d1a3a6a1df400e2e375a46cc\">\n.flex_column.av-4hx094-e9dc6347d1a3a6a1df400e2e375a46cc{\nborder-radius:0px 0px 0px 0px;\npadding:0px 0px 0px 0px;\n}\n<\/style>\n<div  class='flex_column av-4hx094-e9dc6347d1a3a6a1df400e2e375a46cc av_one_third  avia-builder-el-7  el_after_av_one_third  avia-builder-el-last  flex_column_div av-zero-column-padding  column-top-margin'     ><style type=\"text\/css\" data-created_by=\"avia_inline_auto\" id=\"style-css-av-4f84lk-39aae7314f5c7f9629edb54dd366d1ec\">\n#top #wrap_all .avia-team-member.av-4f84lk-39aae7314f5c7f9629edb54dd366d1ec .team-member-name{\ncolor:#ffffff;\n}\n.avia-team-member.av-4f84lk-39aae7314f5c7f9629edb54dd366d1ec .team-member-job-title{\ncolor:#ffffff;\n}\n.avia-team-member.av-4f84lk-39aae7314f5c7f9629edb54dd366d1ec .team-member-description{\ncolor:#ffffff;\n}\n<\/style>\n<section  class='avia-team-member av-4f84lk-39aae7314f5c7f9629edb54dd366d1ec  avia-builder-el-8  avia-builder-el-no-sibling '  itemscope=\"itemscope\" itemtype=\"https:\/\/schema.org\/Person\" ><div class=\"team-img-container\"><img decoding=\"async\" fetchpriority=\"high\" class='wp-image-470 avia-img-lazy-loading-not-470 avia_image avia_image_team' src=\"http:\/\/zensor.ec\/wp-content\/uploads\/2019\/02\/terminal_terrestre.png\" alt='Term. Terrestre: Solar 2kW off-grid'  itemprop=\"image\"   \/><\/div><h3 class='team-member-name '  itemprop=\"name\" >Term. Terrestre: Solar 2kW off-grid<\/h3><span class='hidden team-member-affiliation'  itemprop=\"affiliation\" >Zensor<\/span><\/section><\/div><\/div><\/div><\/main><!-- close content main element --><\/div><\/div><\/div><div id='features'  class='av-layout-grid-container av-49z29s-74bee46218ca781f40efba666612cd40 entry-content-wrapper main_color av-fixed-cells  avia-builder-el-9  el_after_av_section  el_before_av_layout_row  grid-row-not-first  container_wrap fullsize'  >\n\n<style type=\"text\/css\" data-created_by=\"avia_inline_auto\" id=\"style-css-av-1g2cyw-8cafdb6307849f6e0b01fb583adafcf4\">\n.flex_cell.av-1g2cyw-8cafdb6307849f6e0b01fb583adafcf4{\nvertical-align:top;\nbackground-color:#f4f4f4;\n}\n.responsive #top #wrap_all .flex_cell.av-1g2cyw-8cafdb6307849f6e0b01fb583adafcf4{\npadding:30px 30px 30px 30px !important;\n}\n<\/style>\n<div class='flex_cell av-1g2cyw-8cafdb6307849f6e0b01fb583adafcf4 av-gridrow-cell av_one_full no_margin  avia-builder-el-10  avia-builder-el-no-sibling '  ><div class='flex_cell_inner'><p><div  class='flex_column av-197g2w-0c4a26a7b240647052f9776b2ada4191 av_two_third  avia-builder-el-11  el_before_av_one_third  avia-builder-el-first  first flex_column_div  '     ><style type=\"text\/css\" data-created_by=\"avia_inline_auto\" id=\"style-css-av-m19zswm4-060ff19b82dad45ed50c30411f0c08e1\">\n.avia-image-container.av-m19zswm4-060ff19b82dad45ed50c30411f0c08e1 img.avia_image{\nbox-shadow:none;\n}\n.avia-image-container.av-m19zswm4-060ff19b82dad45ed50c30411f0c08e1 .av-image-caption-overlay-center{\ncolor:#ffffff;\n}\n<\/style>\n<div  class='avia-image-container av-m19zswm4-060ff19b82dad45ed50c30411f0c08e1 av-styling- avia-align-center  avia-builder-el-12  avia-builder-el-no-sibling '   itemprop=\"image\" itemscope=\"itemscope\" itemtype=\"https:\/\/schema.org\/ImageObject\" ><div class=\"avia-image-container-inner\"><div class=\"avia-image-overlay-wrap\"><img decoding=\"async\" fetchpriority=\"high\" class='avia-img-lazy-loading-not- avia_image ' src=\"http:\/\/zensor.ec\/wp-content\/uploads\/2019\/02\/hogares_sostenibles_fotovoltaico-6.png\" alt='' title=''   itemprop=\"thumbnailUrl\"  \/><\/div><\/div><\/div><\/div>\n<style type=\"text\/css\" data-created_by=\"avia_inline_auto\" id=\"style-css-av-11eeso-34eda4ed05b67851c8c91e08340dab7f\">\n.flex_column.av-11eeso-34eda4ed05b67851c8c91e08340dab7f{\nborder-radius:0px 0px 0px 0px;\npadding:0px 0px 0px 0px;\n}\n<\/style>\n<div  class='flex_column av-11eeso-34eda4ed05b67851c8c91e08340dab7f av_one_third  avia-builder-el-13  el_after_av_two_third  el_before_av_image  flex_column_div av-animated-generic right-to-left av-zero-column-padding  '     ><p>\n<style type=\"text\/css\" data-created_by=\"avia_inline_auto\" id=\"style-css-av-m1a061ml-c4ee3f0925e19e1828e7bcadfccac352\">\n#top .av-special-heading.av-m1a061ml-c4ee3f0925e19e1828e7bcadfccac352{\npadding-bottom:0;\nfont-size:40px;\n}\nbody .av-special-heading.av-m1a061ml-c4ee3f0925e19e1828e7bcadfccac352 .av-special-heading-tag .heading-char{\nfont-size:25px;\n}\n#top #wrap_all .av-special-heading.av-m1a061ml-c4ee3f0925e19e1828e7bcadfccac352 .av-special-heading-tag{\nfont-size:40px;\n}\n.av-special-heading.av-m1a061ml-c4ee3f0925e19e1828e7bcadfccac352 .av-subheading{\nfont-size:15px;\n}\n\n@media only screen and (min-width: 480px) and (max-width: 767px){ \n#top #wrap_all .av-special-heading.av-m1a061ml-c4ee3f0925e19e1828e7bcadfccac352 .av-special-heading-tag{\nfont-size:0.8em;\n}\n}\n\n@media only screen and (max-width: 479px){ \n#top #wrap_all .av-special-heading.av-m1a061ml-c4ee3f0925e19e1828e7bcadfccac352 .av-special-heading-tag{\nfont-size:0.8em;\n}\n}\n<\/style>\n<div  class='av-special-heading av-m1a061ml-c4ee3f0925e19e1828e7bcadfccac352 av-special-heading-h1 blockquote modern-quote  avia-builder-el-14  el_before_av_hr  avia-builder-el-first  av-inherit-size'><h1 class='av-special-heading-tag '  itemprop=\"headline\"  >Ayudamos a que tu vivienda o negocio sea sostenible<\/h1><div class=\"special-heading-border\"><div class=\"special-heading-inner-border\"><\/div><\/div><\/div><br \/>\n\n<style type=\"text\/css\" data-created_by=\"avia_inline_auto\" id=\"style-css-av-wwgjs-f9744e2cfb892f3ccff77655fdef94e2\">\n#top .hr.av-wwgjs-f9744e2cfb892f3ccff77655fdef94e2{\nmargin-top:30px;\nmargin-bottom:30px;\n}\n.hr.av-wwgjs-f9744e2cfb892f3ccff77655fdef94e2 .hr-inner{\nwidth:50px;\nborder-color:#000000;\n}\n<\/style>\n<div  class='hr av-wwgjs-f9744e2cfb892f3ccff77655fdef94e2 hr-custom  avia-builder-el-15  el_after_av_heading  el_before_av_textblock  hr-left hr-icon-no'><span class='hr-inner inner-border-av-border-fat'><span class=\"hr-inner-style\"><\/span><\/span><\/div><br \/>\n<section  class='av_textblock_section av-tp288-89125b7836e73dc9c21e507d7bf3a8c2 '   itemscope=\"itemscope\" itemtype=\"https:\/\/schema.org\/CreativeWork\" ><div class='avia_textblock'  itemprop=\"text\" ><p>Tu planilla de luz puede disminuir dr\u00e1sticamente con el uso de energ\u00eda fotovoltaica. Realizamos inspecciones de factibilidad fotovoltaica en todo el Ecuador. Adem\u00e1s, el retorno de la inversi\u00f3n de un proyecto fotovoltaico puede resultar muy interesante.<\/p>\n<\/div><\/section><\/p><\/div><\/p>\n<\/div><\/div>\n<\/div><\/p>\n<div id='av-layout-grid-2'  class='av-layout-grid-container av-2x4aoo-04ffba21540d3a68060cda1b83790919 entry-content-wrapper main_color av-flex-cells  avia-builder-el-18  el_after_av_layout_row  el_before_av_layout_row  grid-row-not-first  container_wrap fullsize'  >\n\n<style type=\"text\/css\" data-created_by=\"avia_inline_auto\" id=\"style-css-av-2inxns-3e07db419cda0be239517d36ab41a800\">\n.flex_cell.av-2inxns-3e07db419cda0be239517d36ab41a800{\nvertical-align:middle;\nbackground-color:#4679ae;\n}\n.responsive #top #wrap_all .flex_cell.av-2inxns-3e07db419cda0be239517d36ab41a800{\npadding:130px 130px 130px 30px !important;\n}\n<\/style>\n<div class='flex_cell av-2inxns-3e07db419cda0be239517d36ab41a800 av-gridrow-cell av_one_full no_margin  avia-builder-el-19  avia-builder-el-no-sibling '  ><div class='flex_cell_inner'><p>\n<style type=\"text\/css\" data-created_by=\"avia_inline_auto\" id=\"style-css-av-8qinc-147ddf25c86aaecec309a7ddf64dbe21\">\n.flex_column.av-8qinc-147ddf25c86aaecec309a7ddf64dbe21{\nborder-radius:0px 0px 0px 0px;\npadding:0px 0px 0px 0px;\n}\n<\/style>\n<div  class='flex_column av-8qinc-147ddf25c86aaecec309a7ddf64dbe21 av_one_third  avia-builder-el-20  el_before_av_two_third  avia-builder-el-first  first flex_column_div av-animated-generic fade-in av-zero-column-padding  '     ><p>\n<style type=\"text\/css\" data-created_by=\"avia_inline_auto\" id=\"style-css-av-2b8588-35bdc390b5f019147f3ad2875ffb5ea6\">\n#top .av-special-heading.av-2b8588-35bdc390b5f019147f3ad2875ffb5ea6{\npadding-bottom:0;\ncolor:#ffffff;\nfont-size:40px;\n}\nbody .av-special-heading.av-2b8588-35bdc390b5f019147f3ad2875ffb5ea6 .av-special-heading-tag .heading-char{\nfont-size:25px;\n}\n#top #wrap_all .av-special-heading.av-2b8588-35bdc390b5f019147f3ad2875ffb5ea6 .av-special-heading-tag{\nfont-size:40px;\n}\n.av-special-heading.av-2b8588-35bdc390b5f019147f3ad2875ffb5ea6 .special-heading-inner-border{\nborder-color:#ffffff;\n}\n.av-special-heading.av-2b8588-35bdc390b5f019147f3ad2875ffb5ea6 .av-subheading{\nfont-size:15px;\n}\n\n@media only screen and (min-width: 480px) and (max-width: 767px){ \n#top #wrap_all .av-special-heading.av-2b8588-35bdc390b5f019147f3ad2875ffb5ea6 .av-special-heading-tag{\nfont-size:0.8em;\n}\n}\n\n@media only screen and (max-width: 479px){ \n#top #wrap_all .av-special-heading.av-2b8588-35bdc390b5f019147f3ad2875ffb5ea6 .av-special-heading-tag{\nfont-size:0.8em;\n}\n}\n<\/style>\n<div  class='av-special-heading av-2b8588-35bdc390b5f019147f3ad2875ffb5ea6 av-special-heading-h1 custom-color-heading blockquote modern-quote  avia-builder-el-21  el_before_av_hr  avia-builder-el-first  av-inherit-size'><h1 class='av-special-heading-tag '  itemprop=\"headline\"  >Sistemas de respaldo el\u00e9ctrico para diversas aplicaciones<\/h1><div class=\"special-heading-border\"><div class=\"special-heading-inner-border\"><\/div><\/div><\/div><br \/>\n\n<style type=\"text\/css\" data-created_by=\"avia_inline_auto\" id=\"style-css-av-248y0o-22291e519b8823a6cceaee89cce65a13\">\n#top .hr.av-248y0o-22291e519b8823a6cceaee89cce65a13{\nmargin-top:30px;\nmargin-bottom:30px;\n}\n.hr.av-248y0o-22291e519b8823a6cceaee89cce65a13 .hr-inner{\nwidth:50px;\nborder-color:#ffffff;\n}\n<\/style>\n<div  class='hr av-248y0o-22291e519b8823a6cceaee89cce65a13 hr-custom  avia-builder-el-22  el_after_av_heading  el_before_av_textblock  hr-left hr-icon-no'><span class='hr-inner inner-border-av-border-fat'><span class=\"hr-inner-style\"><\/span><\/span><\/div><br \/>\n\n<style type=\"text\/css\" data-created_by=\"avia_inline_auto\" id=\"style-css-av-1u5e20-5d400f381855a2a62dbf4e238356141d\">\n#top .av_textblock_section.av-1u5e20-5d400f381855a2a62dbf4e238356141d .avia_textblock{\ncolor:#ffffff;\n}\n<\/style>\n<section  class='av_textblock_section av-1u5e20-5d400f381855a2a62dbf4e238356141d '   itemscope=\"itemscope\" itemtype=\"https:\/\/schema.org\/CreativeWork\" ><div class='avia_textblock av_inherit_color'  itemprop=\"text\" ><p style=\"text-align: left;\">Adicionalmente a los SISTEMAS DE AHORRO ON-GRID que no tienen bater\u00edas, tambi\u00e9n dise\u00f1amos e implementamos SISTEMAS DE RESPALDO OFF-GRID para que puedas contar con una infraestructura inmune a apagones o ca\u00eddas de voltaje.<\/p>\n<p>Ambos sistemas se pueden combinar en lo que se llaman SISTEMAS H\u00cdBRIDOS, para disfrutar de las ventajas del ahorro y del respaldo al mismo tiempo. Nuestras unidades inteligentes proporcionan energ\u00eda de calidad, minimizando el ruido el\u00e9ctrico y la conmutaci\u00f3n entre la empresa el\u00e9ctrica y el respaldo es casi instant\u00e1nea.<\/p>\n<\/div><\/section><br \/>\n<\/p><\/div><div  class='flex_column av-f2yew-9d7a5d6abbd9bebbcac14bb188fec3a6 av_two_third  avia-builder-el-25  el_after_av_one_third  avia-builder-el-last  flex_column_div  '     ><style type=\"text\/css\" data-created_by=\"avia_inline_auto\" id=\"style-css-av-m19zv07c-e8ce1b7c324f5bff841f5d51d484f3ad\">\n.avia-image-container.av-m19zv07c-e8ce1b7c324f5bff841f5d51d484f3ad img.avia_image{\nbox-shadow:none;\n}\n.avia-image-container.av-m19zv07c-e8ce1b7c324f5bff841f5d51d484f3ad .av-image-caption-overlay-center{\ncolor:#ffffff;\n}\n<\/style>\n<div  class='avia-image-container av-m19zv07c-e8ce1b7c324f5bff841f5d51d484f3ad av-styling- avia-align-center  avia-builder-el-26  avia-builder-el-no-sibling '   itemprop=\"image\" itemscope=\"itemscope\" itemtype=\"https:\/\/schema.org\/ImageObject\" ><div class=\"avia-image-container-inner\"><div class=\"avia-image-overlay-wrap\"><img decoding=\"async\" fetchpriority=\"high\" class='avia-img-lazy-loading-not- avia_image ' src=\"http:\/\/zensor.ec\/wp-content\/uploads\/2019\/02\/ciudad_off_grid-2.png\" alt='' title=''   itemprop=\"thumbnailUrl\"  \/><\/div><\/div><\/div><\/div><\/p>\n<\/div><\/div>\n<\/div>\n<div id='av-layout-grid-3'  class='av-layout-grid-container av-1ngtk8-de8129a31132086a5cf159531a1d9326 entry-content-wrapper main_color av-flex-cells  avia-builder-el-27  el_after_av_layout_row  avia-builder-el-last  grid-row-not-first  container_wrap fullsize'  >\n\n<style type=\"text\/css\" data-created_by=\"avia_inline_auto\" id=\"style-css-av-17dh2w-3140cd63f1465dd6f45265732a017eab\">\n.flex_cell.av-17dh2w-3140cd63f1465dd6f45265732a017eab{\nvertical-align:middle;\n}\n.responsive #top #wrap_all .flex_cell.av-17dh2w-3140cd63f1465dd6f45265732a017eab{\npadding:30px 130px 30px 30px !important;\n}\n<\/style>\n<div class='flex_cell av-17dh2w-3140cd63f1465dd6f45265732a017eab av-gridrow-cell av_one_full no_margin  avia-builder-el-28  avia-builder-el-no-sibling '  ><div class='flex_cell_inner'><p><div  class='flex_column av-ob48-6c5224432ed157db918175da99c7b3ff av_two_third  avia-builder-el-29  el_before_av_one_third  avia-builder-el-first  first flex_column_div  '     ><style type=\"text\/css\" data-created_by=\"avia_inline_auto\" id=\"style-css-av-m1a0480j-79d441106321f724d4cd6ae443c4edc4\">\n.avia-image-container.av-m1a0480j-79d441106321f724d4cd6ae443c4edc4 img.avia_image{\nbox-shadow:none;\n}\n.avia-image-container.av-m1a0480j-79d441106321f724d4cd6ae443c4edc4 .av-image-caption-overlay-center{\ncolor:#ffffff;\n}\n<\/style>\n<div  class='avia-image-container av-m1a0480j-79d441106321f724d4cd6ae443c4edc4 av-styling- avia-align-center  avia-builder-el-30  avia-builder-el-no-sibling '   itemprop=\"image\" itemscope=\"itemscope\" itemtype=\"https:\/\/schema.org\/ImageObject\" ><div class=\"avia-image-container-inner\"><div class=\"avia-image-overlay-wrap\"><img decoding=\"async\" fetchpriority=\"high\" class='avia-img-lazy-loading-not- avia_image ' src=\"http:\/\/zensor.ec\/wp-content\/uploads\/2019\/02\/dispositivo-5.png\" alt='' title=''   itemprop=\"thumbnailUrl\"  \/><\/div><\/div><\/div><\/div>\n<style type=\"text\/css\" data-created_by=\"avia_inline_auto\" id=\"style-css-av-1462rc-310585c3a53e66b8ecdbd569a5ebac8a\">\n.flex_column.av-1462rc-310585c3a53e66b8ecdbd569a5ebac8a{\nborder-radius:0px 0px 0px 0px;\npadding:0px 0px 0px 0px;\n}\n<\/style>\n<div  class='flex_column av-1462rc-310585c3a53e66b8ecdbd569a5ebac8a av_one_third  avia-builder-el-31  el_after_av_two_third  avia-builder-el-last  flex_column_div av-animated-generic right-to-left av-zero-column-padding  '     ><p>\n<style type=\"text\/css\" data-created_by=\"avia_inline_auto\" id=\"style-css-av-ulifs-5f0b10fa5e1b08766e84d69f3b15c131\">\n#top .av-special-heading.av-ulifs-5f0b10fa5e1b08766e84d69f3b15c131{\npadding-bottom:0;\nfont-size:40px;\n}\nbody .av-special-heading.av-ulifs-5f0b10fa5e1b08766e84d69f3b15c131 .av-special-heading-tag .heading-char{\nfont-size:25px;\n}\n#top #wrap_all .av-special-heading.av-ulifs-5f0b10fa5e1b08766e84d69f3b15c131 .av-special-heading-tag{\nfont-size:40px;\n}\n.av-special-heading.av-ulifs-5f0b10fa5e1b08766e84d69f3b15c131 .av-subheading{\nfont-size:15px;\n}\n\n@media only screen and (min-width: 480px) and (max-width: 767px){ \n#top #wrap_all .av-special-heading.av-ulifs-5f0b10fa5e1b08766e84d69f3b15c131 .av-special-heading-tag{\nfont-size:0.8em;\n}\n}\n\n@media only screen and (max-width: 479px){ \n#top #wrap_all .av-special-heading.av-ulifs-5f0b10fa5e1b08766e84d69f3b15c131 .av-special-heading-tag{\nfont-size:0.8em;\n}\n}\n<\/style>\n<div  class='av-special-heading av-ulifs-5f0b10fa5e1b08766e84d69f3b15c131 av-special-heading-h1 blockquote modern-quote  avia-builder-el-32  el_before_av_hr  avia-builder-el-first  av-inherit-size'><h1 class='av-special-heading-tag '  itemprop=\"headline\"  >Monitoreo de perfil de demanda energ\u00e9tica y calidad de energ\u00eda<\/h1><div class=\"special-heading-border\"><div class=\"special-heading-inner-border\"><\/div><\/div><\/div><br \/>\n\n<style type=\"text\/css\" data-created_by=\"avia_inline_auto\" id=\"style-css-av-q4p34-160c28ca14cdf997fe9481d063d402d3\">\n#top .hr.av-q4p34-160c28ca14cdf997fe9481d063d402d3{\nmargin-top:30px;\nmargin-bottom:30px;\n}\n.hr.av-q4p34-160c28ca14cdf997fe9481d063d402d3 .hr-inner{\nwidth:50px;\nborder-color:#000000;\n}\n<\/style>\n<div  class='hr av-q4p34-160c28ca14cdf997fe9481d063d402d3 hr-custom  avia-builder-el-33  el_after_av_heading  el_before_av_textblock  hr-left hr-icon-no'><span class='hr-inner inner-border-av-border-fat'><span class=\"hr-inner-style\"><\/span><\/span><\/div><br \/>\n<section  class='av_textblock_section av-imrhs-ca79dd685567120a75f87cf78e5f0f1a '   itemscope=\"itemscope\" itemtype=\"https:\/\/schema.org\/CreativeWork\" ><div class='avia_textblock'  itemprop=\"text\" ><p>El monitoreo del comportamiento de la demanda de energ\u00eda es vital antes de tomar medidas correctivas en pro de la eficiencia. Contamos con equipos con la capacidad de monitorear no s\u00f3lo la demanda, sino la calidad de energ\u00eda y factores de riesgo.<\/p>\n<p>Nuestros equipos pueden instalarse de manera perenne e incluso ser accedidos remotamente desde una app de celular o tambi\u00e9n estamos en la capacidad de realizar estudios puntuales de forma temporal, como una radiograf\u00eda a la realidad energ\u00e9tica de tu industria, comercio o vivienda.<\/p>\n<\/div><\/section><br \/>\n\n<style type=\"text\/css\" data-created_by=\"avia_inline_auto\" id=\"style-css-av-ejn74-9fb2913a8afc4bac9ad23e32a1dd0af9\">\n#top .hr.hr-invisible.av-ejn74-9fb2913a8afc4bac9ad23e32a1dd0af9{\nheight:50px;\n}\n<\/style>\n<div  class='hr av-ejn74-9fb2913a8afc4bac9ad23e32a1dd0af9 hr-invisible  avia-builder-el-35  el_after_av_textblock  el_before_av_image '><span class='hr-inner '><span class=\"hr-inner-style\"><\/span><\/span><\/div><br \/>\n<\/p><\/div><\/p>\n<\/div><\/div>\n<\/div>\n","protected":false},"excerpt":{"rendered":"","protected":false},"author":1,"featured_media":0,"parent":0,"menu_order":0,"comment_status":"closed","ping_status":"closed","template":"","meta":{"footnotes":""},"class_list":["post-152","page","type-page","status-publish","hentry"],"_links":{"self":[{"href":"https:\/\/zensor.ec\/index.php?rest_route=\/wp\/v2\/pages\/152"}],"collection":[{"href":"https:\/\/zensor.ec\/index.php?rest_route=\/wp\/v2\/pages"}],"about":[{"href":"https:\/\/zensor.ec\/index.php?rest_route=\/wp\/v2\/types\/page"}],"author":[{"embeddable":true,"href":"https:\/\/zensor.ec\/index.php?rest_route=\/wp\/v2\/users\/1"}],"replies":[{"embeddable":true,"href":"https:\/\/zensor.ec\/index.php?rest_route=%2Fwp%2Fv2%2Fcomments&post=152"}],"version-history":[{"count":98,"href":"https:\/\/zensor.ec\/index.php?rest_route=\/wp\/v2\/pages\/152\/revisions"}],"predecessor-version":[{"id":685,"href":"https:\/\/zensor.ec\/index.php?rest_route=\/wp\/v2\/pages\/152\/revisions\/685"}],"wp:attachment":[{"href":"https:\/\/zensor.ec\/index.php?rest_route=%2Fwp%2Fv2%2Fmedia&parent=152"}],"curies":[{"name":"wp","href":"https:\/\/api.w.org\/{rel}","templated":true}]}}